{"id":12,"date":"2020-05-22T14:39:38","date_gmt":"2020-05-22T14:39:38","guid":{"rendered":"https:\/\/sediaverde.nl\/?page_id=12"},"modified":"2025-12-08T10:39:21","modified_gmt":"2025-12-08T08:39:21","slug":"kontakt","status":"publish","type":"page","link":"https:\/\/sediaverde.nl\/de\/contact\/","title":{"rendered":"Kontakt"},"content":{"rendered":"<div data-elementor-type=\"wp-page\" data-elementor-id=\"12\" class=\"elementor elementor-12\" data-elementor-post-type=\"page\">\n\t\t\t\t<div class=\"wd-negative-gap elementor-element elementor-element-2149233 e-flex e-con-boxed e-con e-parent\" data-id=\"2149233\" data-element_type=\"container\" data-e-type=\"container\">\n\t\t\t\t\t<div class=\"e-con-inner\">\n\t\t\t\t<div class=\"elementor-element elementor-element-3ca32eb elementor-widget elementor-widget-heading\" data-id=\"3ca32eb\" data-element_type=\"widget\" data-e-type=\"widget\" data-widget_type=\"heading.default\">\n\t\t\t\t<div class=\"elementor-widget-container\">\n\t\t\t\t\t<h1 class=\"elementor-heading-title elementor-size-default\">Kontakt<\/h1>\t\t\t\t<\/div>\n\t\t\t\t<\/div>\n\t\t\t\t\t<\/div>\n\t\t\t\t<\/div>\n\t\t<div class=\"wd-negative-gap elementor-element elementor-element-d12f7a5 e-flex e-con-boxed e-con e-parent\" data-id=\"d12f7a5\" data-element_type=\"container\" data-e-type=\"container\">\n\t\t\t\t\t<div class=\"e-con-inner\">\n\t\t<div class=\"elementor-element elementor-element-64c7b6f e-con-full e-flex e-con e-child\" data-id=\"64c7b6f\" data-element_type=\"container\" data-e-type=\"container\">\n\t\t\t\t<div class=\"elementor-element elementor-element-241882d elementor-widget elementor-widget-wd_text_block\" data-id=\"241882d\" data-element_type=\"widget\" data-e-type=\"widget\" data-widget_type=\"wd_text_block.default\">\n\t\t\t\t<div class=\"elementor-widget-container\">\n\t\t\t\t\t\t\t<div class=\"wd-text-block reset-last-child text-left\">\n\t\t\t\n\t\t\t<p style=\"text-align: center;\"><span style=\"color: #000000;\">Wenn Sie weitere Informationen \u00fcber unsere Produkte oder Dienstleistungen w\u00fcnschen, k\u00f6nnen Sie uns \u00fcber das unten stehende Kontaktformular kontaktieren. M\u00f6chten Sie uns lieber anrufen? Sie k\u00f6nnen dies tun \u00fcber\u00a0<a style=\"color: #000000;\" href=\"tel:+31475543559\">+31 (0) 475 543 559<\/a>. Wir sind Ihnen gerne behilflich.<\/span><\/p><h3 style=\"text-align: center;\"><span style=\"color: #000000;\"><b>\u00d6ffnungszeiten:<\/b><\/span><\/h3><p style=\"text-align: center;\"><span style=\"color: #000000;\">Montag: 9.00-17.00 Uhr<br \/>Dienstag: 9.00 - 17.00<br \/>Mittwoch: 9.00-17.00 Uhr<br \/>Donnerstag: 9.00-17.00 Uhr<br \/>Freitag: 9.00-17.00 Uhr<\/span><\/p><h3 style=\"text-align: center;\"><span style=\"color: #000000;\">An den folgenden Feiertagen sind wir geschlossen:<\/span><\/h3><p style=\"text-align: center;\"><span style=\"color: #000000;\">Neujahrstag (1. Januar)<br \/><\/span><span style=\"color: #000000;\">Tag des K\u00f6nigs (27. April)<br \/>Tag der Befreiung (5. Mai)<\/span><\/p><p style=\"text-align: center;\"><span style=\"color: #000000;\">Weihnachtsferien vom 24.12.2025 bis zum 02.01.2026.<\/span><\/p>\n\t\t\t\t\t<\/div>\n\t\t\t\t\t\t<\/div>\n\t\t\t\t<\/div>\n\t\t\t\t<\/div>\n\t\t<div class=\"elementor-element elementor-element-e9a47eb e-con-full e-flex e-con e-child\" data-id=\"e9a47eb\" data-element_type=\"container\" data-e-type=\"container\">\n\t\t\t\t<div class=\"elementor-element elementor-element-32bedc8 elementor-widget elementor-widget-wd_text_block\" data-id=\"32bedc8\" data-element_type=\"widget\" data-e-type=\"widget\" data-widget_type=\"wd_text_block.default\">\n\t\t\t\t<div class=\"elementor-widget-container\">\n\t\t\t\t\t\t\t<div class=\"wd-text-block reset-last-child text-left\">\n\t\t\t\n\t\t\t<h2>Haben Sie Fragen?\u00a0<span style=\"color: #6ac672;\">Dann z\u00f6gern Sie nicht uns zu kontaktieren<\/span><\/h2>\n\n<div class=\"wpcf7 no-js\" id=\"wpcf7-f95-o1\" lang=\"nl-NL\" dir=\"ltr\" data-wpcf7-id=\"95\">\n<div class=\"screen-reader-response\"><p role=\"status\" aria-live=\"polite\" aria-atomic=\"true\"><\/p> <ul><\/ul><\/div>\n<form action=\"\/de\/wp-json\/wp\/v2\/pages\/12#wpcf7-f95-o1\" method=\"post\" class=\"wpcf7-form init grid grid-cols-1 gap-10 w-70p mb-20 mdmb-35\" aria-label=\"Kontakt-Formular\" novalidate=\"novalidate\" data-status=\"init\" data-trp-original-action=\"\/de\/wp-json\/wp\/v2\/pages\/12#wpcf7-f95-o1\">\n<fieldset class=\"hidden-fields-container\"><input type=\"hidden\" name=\"_wpcf7\" value=\"95\" \/><input type=\"hidden\" name=\"_wpcf7_version\" value=\"6.1.5\" \/><input type=\"hidden\" name=\"_wpcf7_locale\" value=\"nl_NL\" \/><input type=\"hidden\" name=\"_wpcf7_unit_tag\" value=\"wpcf7-f95-o1\" \/><input type=\"hidden\" name=\"_wpcf7_container_post\" value=\"0\" \/><input type=\"hidden\" name=\"_wpcf7_posted_data_hash\" value=\"\" \/><input type=\"hidden\" name=\"_wpcf7_recaptcha_response\" value=\"\" \/>\n<\/fieldset>\n<p><span class=\"wpcf7-form-control-wrap\" data-name=\"your-name\"><input size=\"40\" maxlength=\"400\" class=\"wpcf7-form-control wpcf7-text wpcf7-validates-as-required w-full\" aria-required=\"true\" aria-invalid=\"false\" placeholder=\"Ihr Name\" value=\"\" type=\"text\" name=\"your-name\" \/><\/span><br \/>\n<span class=\"wpcf7-form-control-wrap\" data-name=\"your-email\"><input size=\"40\" maxlength=\"400\" class=\"wpcf7-form-control wpcf7-email wpcf7-validates-as-required wpcf7-text wpcf7-validates-as-email w-full\" aria-required=\"true\" aria-invalid=\"false\" placeholder=\"Ihre E-Mail Adresse\" value=\"\" type=\"email\" name=\"your-email\" \/><\/span><br \/>\n<span class=\"wpcf7-form-control-wrap\" data-name=\"your-phone\"><input size=\"40\" maxlength=\"400\" class=\"wpcf7-form-control wpcf7-text wpcf7-validates-as-required w-full\" aria-required=\"true\" aria-invalid=\"false\" placeholder=\"Ihre Telefonnummer\" value=\"\" type=\"text\" name=\"your-phone\" \/><\/span><br \/>\n<span class=\"wpcf7-form-control-wrap\" data-name=\"your-business\"><select class=\"wpcf7-form-control wpcf7-select w-full\" aria-invalid=\"false\" name=\"your-business\"><option value=\"Consument (B2C)\">Verbraucher (B2C)<\/option><option value=\"Professional (B2B)\">Professionell (B2B)<\/option><\/select><\/span><br \/>\n<span class=\"wpcf7-form-control-wrap\" data-name=\"your-subject\"><select class=\"wpcf7-form-control wpcf7-select w-full\" aria-invalid=\"false\" name=\"your-subject\"><option value=\"Dealer worden\">H\u00e4ndler werden<\/option><option value=\"Algemene vraag\">Allgemeine Frage<\/option><option value=\"Aftersales support\">Aftersales-Unterst\u00fctzung<\/option><option value=\"Order status\">Status der Bestellung<\/option><\/select><\/span><br \/>\n<span class=\"wpcf7-form-control-wrap\" data-name=\"your-message\"><textarea cols=\"40\" rows=\"5\" maxlength=\"2000\" class=\"wpcf7-form-control wpcf7-textarea w-full\" aria-invalid=\"false\" placeholder=\"Ihre Nachricht\" name=\"your-message\"><\/textarea><\/span>\n<\/p>\n<div class=\"flex flex-col w-full\">\n\t<p><input class=\"wpcf7-form-control wpcf7-submit has-spinner btn btn-primary w-full\" type=\"submit\" value=\"Versand\" \/>\n\t<\/p>\n<\/div><div class=\"wpcf7-response-output\" aria-hidden=\"true\"><\/div>\n<input type=\"hidden\" name=\"trp-form-language\" value=\"de\"\/><\/form>\n<\/div>\n\n\n\t\t\t\t\t<\/div>\n\t\t\t\t\t\t<\/div>\n\t\t\t\t<\/div>\n\t\t\t\t<\/div>\n\t\t\t\t\t<\/div>\n\t\t\t\t<\/div>\n\t\t<div class=\"wd-negative-gap elementor-element elementor-element-3d54ec6 e-flex e-con-boxed e-con e-parent\" data-id=\"3d54ec6\" data-element_type=\"container\" data-e-type=\"container\">\n\t\t\t\t\t<div class=\"e-con-inner\">\n\t\t\t\t<div class=\"elementor-element elementor-element-087a113 elementor-widget elementor-widget-google_maps\" data-id=\"087a113\" data-element_type=\"widget\" data-e-type=\"widget\" data-widget_type=\"google_maps.default\">\n\t\t\t\t<div class=\"elementor-widget-container\">\n\t\t\t\t\t\t\t<div class=\"elementor-custom-embed\">\n\t\t\t<iframe loading=\"lazy\"\n\t\t\t\t\tsrc=\"https:\/\/maps.google.com\/maps?q=sediaverde&#038;t=m&#038;z=10&#038;output=embed&#038;iwloc=near\"\n\t\t\t\t\ttitle=\"sediaverde\"\n\t\t\t\t\taria-label=\"sediaverde\"\n\t\t\t><\/iframe>\n\t\t<\/div>\n\t\t\t\t\t\t<\/div>\n\t\t\t\t<\/div>\n\t\t\t\t\t<\/div>\n\t\t\t\t<\/div>\n\t\t\t\t<\/div>","protected":false},"excerpt":{"rendered":"<p>Kontakt Wenn Sie weitere Informationen \u00fcber unsere Produkte oder Dienstleistungen w\u00fcnschen, k\u00f6nnen Sie uns \u00fcber das unten stehende Kontaktformular kontaktieren. Sie w\u00fcnschen<\/p>","protected":false},"author":1,"featured_media":0,"parent":0,"menu_order":0,"comment_status":"closed","ping_status":"closed","template":"","meta":{"footnotes":""},"class_list":["post-12","page","type-page","status-publish","hentry"],"_links":{"self":[{"href":"https:\/\/sediaverde.nl\/de\/wp-json\/wp\/v2\/pages\/12","targetHints":{"allow":["GET"]}}],"collection":[{"href":"https:\/\/sediaverde.nl\/de\/wp-json\/wp\/v2\/pages"}],"about":[{"href":"https:\/\/sediaverde.nl\/de\/wp-json\/wp\/v2\/types\/page"}],"author":[{"embeddable":true,"href":"https:\/\/sediaverde.nl\/de\/wp-json\/wp\/v2\/users\/1"}],"replies":[{"embeddable":true,"href":"https:\/\/sediaverde.nl\/de\/wp-json\/wp\/v2\/comments?post=12"}],"version-history":[{"count":0,"href":"https:\/\/sediaverde.nl\/de\/wp-json\/wp\/v2\/pages\/12\/revisions"}],"wp:attachment":[{"href":"https:\/\/sediaverde.nl\/de\/wp-json\/wp\/v2\/media?parent=12"}],"curies":[{"name":"wp","href":"https:\/\/api.w.org\/{rel}","templated":true}]}}