{"id":12350,"date":"2020-05-22T14:40:07","date_gmt":"2020-05-22T12:40:07","guid":{"rendered":"https:\/\/sediaverde.nl\/algemene-voorwaarden\/"},"modified":"2025-02-18T12:14:13","modified_gmt":"2025-02-18T10:14:13","slug":"bedingungen-und-konditionen-2","status":"publish","type":"page","link":"https:\/\/sediaverde.nl\/de\/terms-and-conditions\/","title":{"rendered":"Bedingungen und Konditionen Sediaverde"},"content":{"rendered":"<div data-elementor-type=\"wp-page\" data-elementor-id=\"12350\" class=\"elementor elementor-12350\" data-elementor-post-type=\"page\">\n\t\t\t\t<div class=\"wd-negative-gap elementor-element elementor-element-5c9283a8 e-flex e-con-boxed e-con e-parent\" data-id=\"5c9283a8\" data-element_type=\"container\" data-e-type=\"container\">\n\t\t\t\t\t<div class=\"e-con-inner\">\n\t\t\t\t<div class=\"elementor-element elementor-element-2936a128 color-scheme-inherit text-left elementor-widget elementor-widget-text-editor\" data-id=\"2936a128\" data-element_type=\"widget\" data-e-type=\"widget\" data-widget_type=\"text-editor.default\">\n\t\t\t\t<div class=\"elementor-widget-container\">\n\t\t\t\t\t\t\t\t\t<p><span style=\"font-size: 13px; text-align: var(--text-align); background-color: var(--wd-main-bgcolor);\"><b>1. Anwendbarkeit<br><\/b><\/span><span style=\"font-size: 13px; text-align: var(--text-align); background-color: var(--wd-main-bgcolor);\">1. Diese Lieferbedingungen gelten f\u00fcr alle von Sediaverde, nachstehend \"Sediaverde\" genannt, gemachten Angebote, Vertr\u00e4ge und alle sich daraus ergebenden Verpflichtungen: Sediaverde, gemachten Angebote\/Offerten, Vertr\u00e4ge und alle sich daraus ergebenden Verpflichtungen.<br><\/span><span style=\"font-size: 13px; text-align: var(--text-align); background-color: var(--wd-main-bgcolor);\">2. Abweichungen von diesen Lieferbedingungen k\u00f6nnen nur schriftlich erfolgen und gelten nur f\u00fcr den jeweiligen Vertrag, auf den sie sich beziehen.<\/span><\/p>\n<p><b>2. Angebote\/Kostenvoranschl\u00e4ge<br><\/b>1. Alle Angebote von Sediaverde sind freibleibend und k\u00f6nnen von ihr jederzeit widerrufen werden, auch wenn sie eine Frist zur Annahme enthalten. Angebote k\u00f6nnen auch von Sediaverde innerhalb von 3 Werktagen nach Erhalt der Annahme schriftlich widerrufen werden, wobei kein Vertrag zwischen den Parteien zustande kommt.<br>2. Angebote k\u00f6nnen nur schriftlich angefordert werden: Sediaverde hat jedoch das Recht, eine m\u00fcndliche Annahme so zu akzeptieren, als ob sie schriftlich erfolgt w\u00e4re.<br>3. Bei Angeboten von speziell f\u00fcr den Kunden herzustellenden Artikeln beh\u00e4lt sich Sediaverde das Recht vor, die vom Kunden bestellten Mengen mit einer maximalen Marge von 10% zum Zeitpunkt der Lieferung zu erh\u00f6hen oder zu verringern und dies auch direkt weiterzugeben, wenn dies aus produktionstechnischen Gr\u00fcnden notwendig ist.<br>4. Das in den Abs\u00e4tzen 1 bis 3 Gesagte gilt auch f\u00fcr zus\u00e4tzliche Arbeiten, die von Sediaverde in Rechnung gestellt werden, einschlie\u00dflich der Durchf\u00fchrung von Installationsarbeiten au\u00dferhalb der normalen Arbeitszeiten und der Bereitstellung zus\u00e4tzlicher Einrichtungen. In allen F\u00e4llen m\u00fcssen die Mehrarbeiten schriftlich vereinbart werden.<br>5. Die in Werbematerialien im weitesten Sinne des Wortes, wie Katalogen, Preislisten, Prospekten usw. enthaltenen Informationen sind f\u00fcr Sediaverde niemals verbindlich.<br>6. Unbeschadet der Bestimmungen von Artikel 3 und sofern nicht ausdr\u00fccklich schriftlich etwas anderes vereinbart wurde, handelt es sich bei den Angaben von Ma\u00dfen, Gewichten und anderen Daten um m\u00f6glichst zuverl\u00e4ssige Sch\u00e4tzungen. <\/p>\n<p><b>3. Preis<br><\/b>1. Alle von Sediaverde berechneten Preise beruhen auf den zum Zeitpunkt der Angebotsabgabe bekannten Preisfaktoren.<br>2. Sofern nicht ausdr\u00fccklich schriftlich etwas anderes vereinbart wurde, verstehen sich die von Sediaverde angegebenen Preise stets ohne Mehrwertsteuer und ab Lager Sediaverde.<br>3. Sediaverde ist berechtigt, die Preise oder Teile davon f\u00fcr noch nicht gelieferte und\/oder noch nicht bezahlte Artikel oder Leistungen entsprechend den \u00c4nderungen der preisbestimmenden Faktoren, wie Rohstoffpreise, L\u00f6hne, Steuern, Produktionskosten, Wechselkurse und dergleichen, anzupassen.<br>4. Sediaverde ist immer dann zu einer unverz\u00fcglichen Preisanpassung berechtigt, wenn ein gesetzlicher preisbestimmender Faktor Anlass dazu gibt.<br>5. F\u00fcr Bestellungen unter einem Bestellwert von 250 \u20ac ohne MwSt. werden Verwaltungs- und Transportkosten in H\u00f6he von 35 \u20ac ohne MwSt. berechnet.<br>6. Der Mindestbestellwert betr\u00e4gt 25 \u20ac ohne MwSt.<br>7. Die Verpackung ist kostenlos, mit der Ma\u00dfgabe, dass Kisten und Kartons berechnet werden, aber bei portofreier R\u00fccksendung zum berechneten Wert gutgeschrieben werden.<\/p>\n<p><b>4. Zahlung<br><\/b>1. Sediaverde ist jederzeit berechtigt, vom Kunden eine Sicherheit f\u00fcr die ordnungsgem\u00e4\u00dfe und rechtzeitige Erf\u00fcllung seiner Zahlungsverpflichtungen zu verlangen.<br>2. Erfolgt die Lieferung in Teilen, so kann Sediaverde jeden Teil gesondert in Rechnung stellen, es sei denn, es wurde mit dem Kunden schriftlich etwas anderes vereinbart.<br>3. Sediaverde ist au\u00dferdem berechtigt, die Kosten f\u00fcr vereinbarte zus\u00e4tzliche Arbeiten im Sinne von Artikel 2 dieser Lieferbedingungen in Rechnung zu stellen.<br>4. Die Zahlungsbedingung ist netto Kasse innerhalb von drei\u00dfig Tagen nach Rechnungsdatum.<br>5. Zahlt der Kunde nicht innerhalb dieser Frist, hat Sediaverde das Recht, dem Kunden ohne Inverzugsetzung die gesetzlichen niederl\u00e4ndischen Zinsen f\u00fcr den gesamten geschuldeten Betrag ab dem F\u00e4lligkeitsdatum in Rechnung zu stellen, unbeschadet der anderen Rechte von Sediaverde.<br>6. Alle gerichtlichen und au\u00dfergerichtlichen Inkassokosten, die Sediaverde entstehen, um die Verpflichtung des Kunden zu erf\u00fcllen, gehen zu Lasten des Kunden. Wird ein Rechtsanwalt mit dem Inkasso beauftragt, so werden die Kosten nach den zu diesem Zeitpunkt geltenden Tarifen f\u00fcr Rechtsanw\u00e4lte berechnet, die vom Allgemeinen Rat der Anwaltskammer festgelegt und ver\u00f6ffentlicht werden.<br>7. Alle Zahlungen m\u00fcssen auf ein von Sediaverde zu benennendes Bankkonto in den Niederlanden \u00fcberwiesen werden.<br>8. Die vom Kunden geleisteten Zahlungen dienen immer zur Begleichung aller f\u00e4lligen Zinsen und Kosten und der am l\u00e4ngsten ausstehenden Rechnungen, auch wenn der Kunde angibt, dass sich die Zahlung auf eine sp\u00e4tere Rechnung bezieht.<br>9. Eine Aufrechnung durch den Kunden ist nicht zul\u00e4ssig, es sei denn, Sediaverde hat die Gegenforderung k\u00fchl und vorbehaltlos schriftlich anerkannt.<\/p>\n<p><b>5. Lieferung<br><\/b>1. Der Erf\u00fcllungsort ist in allen F\u00e4llen, sofern nicht schriftlich etwas anderes vereinbart wurde, der tats\u00e4chliche Gesch\u00e4ftssitz des K\u00e4ufers oder der Servicestelle, mit der der Vertrag geschlossen wurde.<br>2. Die Angabe von Lieferfristen in Angeboten\/Kostenvoranschl\u00e4gen, Best\u00e4tigungen und\/oder Vertr\u00e4gen erfolgt nach bestem Wissen und wird m\u00f6glicherweise eingehalten, ist aber niemals als Frist zu betrachten.<\/p>\n<p><b>6. Garantie Kunde<br><\/b>1. Der Kunde verpflichtet sich, Sediaverde die Lieferung zu erm\u00f6glichen.<br>2. Der Kunde garantiert auf eigene Kosten und eigenes Risiko, dass:<br>a. Sediaverde wird die f\u00fcr die Durchf\u00fchrung der Pr\u00e4sentation erforderliche Zusammenarbeit gew\u00e4hrt;<br>b. die bestellten Waren oder Dienstleistungen erworben werden;<br>c. die Lieferung kann unter normalen Arbeitsbedingungen, w\u00e4hrend der normalen Arbeitszeit von 08.00 bis 18.00 Uhr erfolgen.   <br>d. die von Dritten auszuf\u00fchrenden Arbeiten, die nicht zu den Sediaverde \u00fcbertragenen Arbeiten geh\u00f6ren, ordnungsgem\u00e4\u00df und fristgerecht ausgef\u00fchrt werden und die von Sediaverde auszuf\u00fchrenden Arbeiten in keiner Weise behindert werden.<br>e. Licht und Strom in angemessener Entfernung vorhanden sind und die R\u00e4ume, in denen gearbeitet wird, sauber, trocken und ausreichend beheizt sind;<br>f. die gelieferten Waren durch einen geeigneten Aufzug oder ein anderes geeignetes Transportmittel an ihren Bestimmungsort bef\u00f6rdert werden k\u00f6nnen und dass der Transport der Waren durch das Geb\u00e4ude nicht behindert wird.<\/p>\n<p>3. Wenn dem Abnehmer die besten Waren oder Dienstleistungen zur Lieferung angeboten wurden, die Lieferung jedoch nicht m\u00f6glich ist, weil der Abnehmer eine der oben in den Abs\u00e4tzen 1 und 2 genannten Verpflichtungen nicht erf\u00fcllt hat, gilt die Annahme als verweigert. Der Kunde befindet sich dann in Verzug, ohne dass eine weitere Inverzugsetzung erforderlich ist. Der Tag, an dem die Annahmeverweigerung erfolgt, gilt als Tag der Lieferung der bestellten Waren oder Dienstleistungen.<br>4. Unbeschadet der Zahlungsverpflichtung ist der Kunde in dem in Absatz 3 genannten Fall verpflichtet, Sediaverde den durch die Verweigerung entstandenen Schaden zu ersetzen, einschlie\u00dflich der Kosten f\u00fcr Lagerung und Transport, wobei sich letztere nach den \u00fcblichen Tarifen richten.<\/p>\n<p><b>7. Sichtung von Sendungen<br><\/b>1. Der Begriff \"Sichtsendungen\" bezeichnet das Zurschaustellen von Waren zum Zwecke der Besichtigung und Pr\u00fcfung der Waren, an denen der Kunde interessiert ist.<br>2. Die Sichtsendung wird dem K\u00e4ufer in Rechnung gestellt, mit der Ma\u00dfgabe, dass eine Gutschrift erfolgt, wenn der K\u00e4ufer innerhalb von drei\u00dfig Tagen nach Lieferung der Sichtsendung schriftlich mitteilt, dass er die Sichtsendung nicht behalten m\u00f6chte, und nachdem die Sichtsendung in ihrer Originalverpackung in gutem Zustand und frachtfrei an Sediaverde zur\u00fcckgeschickt wurde. Besch\u00e4digte und\/oder verlorene Sichtsendungen werden nicht gutgeschrieben.<br>3. Artikel, die nicht zum Standardsortiment von Sediaverde geh\u00f6ren und die speziell f\u00fcr den Kunden gekauft werden (\"nicht abholbare Artikel\"), k\u00f6nnen niemals als Sichtlieferungen betrachtet werden. <\/p>\n<p><b>8. Gefahren\u00fcbergang<br><\/b>1. Ungeachtet der zwischen Sediaverde und dem Kunden vereinbarten Transport- und Versicherungskosten verbleibt das Risiko an den Waren bei Sediaverde bis zu dem Zeitpunkt, an dem sie in die tats\u00e4chliche Verf\u00fcgungsgewalt des Kunden oder des oder der vom Kunden durch Unterzeichnung der Frachtbriefe, Checklisten und\/oder Packlisten beauftragten Dritten \u00fcbergegangen sind.<br>2Sobald die Waren in die tats\u00e4chliche Verf\u00fcgungsgewalt des K\u00e4ufers oder des oder der vom K\u00e4ufer gem\u00e4\u00df Absatz 1 eingeschalteten Dritten \u00fcbergegangen sind, ist der K\u00e4ufer verpflichtet, diese Waren ausreichend gegen Diebstahl, Besch\u00e4digung, Zerst\u00f6rung usw. zu versichern.<\/p>\n<p><b>9. Eigentumsvorbehalt<br><\/b>1. Das Eigentum an den von Sediaverde an den Kunden gelieferten Waren geht erst dann auf den Kunden \u00fcber, wenn der Kunde alles bezahlt hat, was Sediaverde aufgrund aller Kaufvertr\u00e4ge mit dem Kunden und der in diesem Zusammenhang erbrachten Dienstleistungen oder Arbeiten fordern oder erhalten kann.<br>2. Ungeachtet der Bestimmungen in Absatz 1 ist der Kunde berechtigt, die von Sediaverde erhaltenen Waren im Rahmen seiner normalen Gesch\u00e4ftst\u00e4tigkeit zu verwenden.<br>3. Der Kunde ist in keinem Fall berechtigt, die unter Eigentumsvorbehalt gelieferten Waren in irgendeiner Weise zu behalten und\/oder zu verleihen und\/oder zu \u00fcbergeben.<\/p>\n<p><b>10. Garantie<br><\/b>1. Sediaverde erbringt eine Leistung, die dem Vertrag entspricht und angemessene Qualit\u00e4tsanforderungen unter Ber\u00fccksichtigung der Art der Leistung gew\u00e4hrleistet.<br>2. Zur mangelhaften Leistung von Sediaverde geh\u00f6ren in jedem Fall nicht handels\u00fcbliche oder technisch unvermeidbare geringf\u00fcgige Abweichungen sowie Unterschiede in Qualit\u00e4t, Anzahl, Farbe oder Ausf\u00fchrung.<\/p>\n<p><b>11. Beanstandungen<br><\/b>1. Der Kunde muss pr\u00fcfen, ob die gelieferten Waren oder erbrachten Dienstleistungen dem Vertrag entsprechen.<br>2. Der Kunde kann sich nicht darauf berufen, dass gelieferte Waren oder erbrachte Dienstleistungen nicht vertragsgem\u00e4\u00df sind, wenn er eine solche Untersuchung nicht durchf\u00fchrt oder Sediaverde die M\u00e4ngel nicht innerhalb der unten genannten Frist schriftlich mitteilt.<br>3. Erkennbare M\u00e4ngel m\u00fcssen Sediaverde innerhalb von drei Werktagen nach Lieferung oder Erbringung der betreffenden Leistungen schriftlich mitgeteilt werden.<br>4. Versteckte M\u00e4ngel sind unverz\u00fcglich nach ihrer Entdeckung durch den Kunden, sp\u00e4testens jedoch drei Monate nach Lieferung oder Leistung zu r\u00fcgen.<br>5. Reklamierte Artikel, mit Ausnahme der in Artikel 7 genannten Sichtlieferungen, k\u00f6nnen nur mit ausdr\u00fccklicher vorheriger Zustimmung von Sediaverde zur\u00fcckgesandt werden und m\u00fcssen mit der Originalverpackung und dem R\u00fcckschein versehen sein. Die R\u00fccksendung muss in jedem Fall frachtfrei erfolgen. Sediaverde beh\u00e4lt sich das Recht vor, die R\u00fccksendung der Waren an eine von ihr angegebene Adresse zu verlangen.<br>6. F\u00fcr nicht abgeholte Gegenst\u00e4nde im Sinne von Artikel 7 Absatz 3 erteilt Sediaverde die vorgenannte Genehmigung nur, wenn die nicht abgeholten Gegenst\u00e4nde besch\u00e4digt oder anderweitig fehlerhaft oder unbrauchbar sind.<br>7. Bei nach Ansicht von Sediaverde begr\u00fcndeten und ordnungsgem\u00e4\u00df eingereichten Beschwerden ist Sediaverde verpflichtet, nach eigenem Ermessen und unter Ber\u00fccksichtigung der Interessen des Kunden und der Art der Beschwerde entweder:<br>- die gelieferten Waren oder erbrachten Dienstleistungen zu ersetzen\/umzutauschen oder;<br>- einen Preisnachlass gew\u00e4hren.<br>8. Das Reklamationsrecht erlischt, wenn sich die gelieferte Ware nicht mehr in demselben Zustand befindet, in dem sie geliefert wurde.<br>9. Beanstandungen von Rechnungen m\u00fcssen innerhalb von acht Arbeitstagen ab dem Datum der Rechnungsstellung schriftlich eingereicht werden.<\/p>\n<p><b>12. Haftung<br><\/b>1. Die Haftung von Sediaverde gegen\u00fcber dem Kunden f\u00fcr unmittelbare Sch\u00e4den im Falle der Nichterf\u00fcllung, der versp\u00e4teten Erf\u00fcllung oder der mangelhaften Erf\u00fcllung ist auf den Nettorechnungswert der betreffenden Waren oder Dienstleistungen bis zu einem H\u00f6chstbetrag von 5.000 \u20ac begrenzt.<br>2. Die in Absatz 1 genannte Einschr\u00e4nkung gilt auch, wenn Sediaverde vom Kunden f\u00fcr einen direkten Schaden aus anderen Gr\u00fcnden als dem zwischen ihnen geschlossenen Vertrag haftbar gemacht wird.<br>3. F\u00fcr indirekte Sch\u00e4den, wie auch immer sie entstehen und welcher Art sie auch sein m\u00f6gen, ist Sediaverde niemals haftbar.<br>4. Die Haftungsbeschr\u00e4nkung gilt nicht bei Vorsatz oder grober Fahrl\u00e4ssigkeit der Gesch\u00e4ftsf\u00fchrer und leitenden Angestellten von Sediaverde.<br>5. Sediaverde haftet in keinem Fall f\u00fcr Materialien, die der Kunde Sediaverde zur Verf\u00fcgung stellt. Der Kunde verpflichtet sich, eine angemessene Versicherung f\u00fcr diese Materialien abzuschlie\u00dfen.<\/p>\n<p><b>13. Entsch\u00e4digung<br><\/b>1. Soweit gesetzlich zul\u00e4ssig, stellt der Kunde Sediaverde von der Haftung gegen\u00fcber einem oder mehreren Dritten frei, die sich aus und\/oder im Zusammenhang mit der Ausf\u00fchrung des Vertrags ergeben, unabh\u00e4ngig davon, ob der Schaden durch Sediaverde oder ihre Hilfsperson(en), Hilfsgegenst\u00e4nde oder gelieferte Waren oder erbrachte Dienstleistungen verursacht oder zugef\u00fcgt wurde.<br>2. Ebenso stellt der Kunde Sediaverde im Rahmen des gesetzlich Zul\u00e4ssigen von der Haftung gegen\u00fcber Dritten im Zusammenhang mit der Verletzung von Rechten an geistigem Eigentum dieser Dritten frei, die sich aus dem Auftrag ergeben, den der Kunde Sediaverde im Rahmen des Vertrags erteilt hat.<br>3. Der Kunde hat f\u00fcr eine angemessene Versicherung der in den Abs\u00e4tzen 1 und 2 genannten Risiken zu sorgen.<br>4. Der Kunde ist stets verpflichtet, alles zu unternehmen, um den Schaden zu begrenzen.<\/p>\n<p><b>14. H\u00f6here Gewalt<br><\/b>1. Wird die Erf\u00fcllung seitens Sediaverde oder die Abnahme seitens des Auftraggebers durch h\u00f6here Gewalt um mehr als einen Monat verz\u00f6gert, ist jede der Parteien - unter Ausschluss weiterer Rechte - berechtigt, den Vertrag nach Ma\u00dfgabe des Gesetzes aufzul\u00f6sen. Alles, was im Rahmen des Vertrags bereits bezahlt oder geleistet wurde, wird zwischen den Parteien anteilig verrechnet.<br>2. H\u00f6here Gewalt von Sediaverde bedeutet in jedem Fall; <\/p>\n<p>- Der Umstand, dass Sediaverde eine Leistung (einschlie\u00dflich einer Leistung des Auftraggebers) nicht erh\u00e4lt, die im Zusammenhang mit der von ihr zu erbringenden Leistung von Bedeutung ist;<br>- Streiks;<br>- Verkehrsbehinderungen;<br>- Staatliche Ma\u00dfnahmen, die Sediaverde an der rechtzeitigen oder ordnungsgem\u00e4\u00dfen Erf\u00fcllung seiner Verpflichtungen hindern;<br>- Unruhen, Aufrufe, Krieg;<br>- Extreme Wetterbedingungen;<br>- Feuer;<br>- Einfuhr-, Ausfuhr- und\/oder Durchfuhrverbote.<\/p>\n<p><b>15. Unvorhergesehene Umst\u00e4nde<br><\/b>Wenn unvorhergesehene Umst\u00e4nde eintreten, die so beschaffen sind, dass der Kunde nach billigem Ermessen keine Erf\u00fcllung von Sediaverde erwarten kann, kann das Gericht auf Antrag einer der Parteien den Vertrag ganz oder teilweise aufl\u00f6sen.<\/p>\n<p><b>16. Zur\u00fcckbehaltungsrecht<br><\/b>Sediaverde ist berechtigt, alle in ihrem Besitz befindlichen Sachen von Sediaverde in Verwahrung zu nehmen, bis der Kunde alle seine Verpflichtungen gegen\u00fcber Sediaverde erf\u00fcllt hat, mit denen die betreffenden Sachen in direktem oder ausreichendem Zusammenhang stehen. Wenn die unter dieses Recht fallenden Sachen aus dem Eigentum von Sediaverde herausfallen, ist Sediaverde berechtigt, diese Sachen zu beanspruchen, als ob sie selbst Eigent\u00fcmerin w\u00e4re. <\/p>\n<p><b>17. Aufl\u00f6sung<br><\/b>Sollte eine der Parteien ihren Verpflichtungen gegen\u00fcber der anderen nicht nachkommen, einen Zahlungsaufschub beantragen oder in Konkurs gehen, so hat die andere Partei das Recht, ohne weitere Inverzugsetzung oder gerichtliche Intervention schriftlich die Aufl\u00f6sung des zwischen den Parteien geschlossenen Vertrags zu erkl\u00e4ren oder die Erf\u00fcllung ihrer Verpflichtungen auszusetzen, unbeschadet aller anderen ihr zustehenden Rechte.<\/p>\n<p><b>18. Gewerbliches und geistiges Eigentum<br><\/b>1. Sediaverde garantiert, dass die von ihr gelieferten Artikel als solche nicht gegen niederl\u00e4ndische Patentrechte, Geschmacksmusterrechte oder andere Rechte des gewerblichen oder geistigen Eigentums Dritter versto\u00dfen.<br>2. Sollte dennoch von Sediaverde anerkannt oder von einem niederl\u00e4ndischen Gericht in einer nicht mehr anfechtbaren Entscheidung festgestellt werden, dass eine von Sediaverde gelieferte Sache die hierin genannten Rechte Dritter verletzt, wird Sediaverde nach ihrer Wahl und nach R\u00fccksprache mit dem Kunden die betreffende Sache durch eine Sache ersetzen, die das betreffende Recht nicht verletzt, oder ein diesbez\u00fcgliches Lizenzrecht erwerben, oder die betreffende Sache gegen R\u00fcckerstattung des daf\u00fcr gezahlten Preises abz\u00fcglich der als normal erachteten Wertminderung zur\u00fccknehmen, ohne zur Zahlung einer weiteren Entsch\u00e4digung verpflichtet zu sein.<br>3. Der Kunde verliert jedoch das Recht auf die in Absatz 2 genannten Leistungen, wenn er Sediaverde nicht rechtzeitig und vollst\u00e4ndig \u00fcber die oben in diesem Artikel genannten Anspr\u00fcche Dritter informiert hat, wodurch Sediaverde auch nicht in der Lage war, ihre diesbez\u00fcglichen Rechte angemessen zu verteidigen.<\/p>\n<p><b>19. \u00dcbertragung<br><\/b>Der Kunde ist nicht berechtigt, Rechte und Pflichten aus dem Vertrag ohne schriftliche Zustimmung von Sediaverde auf Dritte zu \u00fcbertragen.<\/p>\n<p><b>20. \u00c4nderungen\/Erg\u00e4nzungen<br><\/b>1. \u00c4nderungen oder Erg\u00e4nzungen dieser Lieferbedingungen sind nur g\u00fcltig, soweit sie schriftlich vereinbart wurden.<br>2. Im Falle der Nichtigkeit einer oder mehrerer Bestimmungen dieser Lieferbedingungen bleiben die \u00fcbrigen Bestimmungen in Kraft.<br>3. Die Parteien werden sich \u00fcber die unwirksamen Bestimmungen beraten, um eine wirksame Ersatzregelung zu treffen, die den Zweck der Vereinbarung nicht beeintr\u00e4chtigt.<\/p>\n<p><b>21. Rechtsstreitigkeiten<br><\/b>1. Alle Streitigkeiten, einschlie\u00dflich derjenigen, die nur von einer Partei als solche angesehen werden, die zwischen Sediaverde und dem Kunden aufgrund eines von Sediaverde mit dem Kunden abgeschlossenen Vertrags oder eines weiteren Vertrags bestehen, unterliegen vorbehaltlich der Befugnis der Parteien, eine Entscheidung des Pr\u00e4sidenten des Landgerichts zu beantragen, der in einem Verfahren der einstweiligen Verf\u00fcgung entscheidet, der Entscheidung des ordentlichen Gerichts am Sitz oder im Bezirk von Sediaverde.<br>2. F\u00fcr Klagen von Sediaverde ist jedoch auch das Kantonsgericht des Sitzes oder Bezirks des Kunden zust\u00e4ndig.<br>3. H\u00e4lt eine Partei eine Streitigkeit f\u00fcr gegeben und m\u00f6chte sie das Gericht anrufen, so muss sie dies der anderen Partei schriftlich mitteilen und den Streitfall schildern.<\/p>\n<p><b>22. Anwendbarkeit<br><\/b>Auf die von Sediaverde unter Anwendung dieser Lieferbedingungen abzuschlie\u00dfenden Vertr\u00e4ge ist stets niederl\u00e4ndisches Recht anwendbar.<\/p>\t\t\t\t\t\t\t\t<\/div>\n\t\t\t\t<\/div>\n\t\t\t\t\t<\/div>\n\t\t\t\t<\/div>\n\t\t\t\t<\/div>","protected":false},"excerpt":{"rendered":"<p>1. Anwendbarkeit1. Diese Lieferbedingungen gelten f\u00fcr alle Angebote\/Offerten, Vertr\u00e4ge und alle sich daraus ergebenden Verpflichtungen, die von<\/p>","protected":false},"author":1,"featured_media":0,"parent":0,"menu_order":0,"comment_status":"closed","ping_status":"closed","template":"","meta":{"footnotes":""},"class_list":["post-12350","page","type-page","status-publish","hentry"],"_links":{"self":[{"href":"https:\/\/sediaverde.nl\/de\/wp-json\/wp\/v2\/pages\/12350","targetHints":{"allow":["GET"]}}],"collection":[{"href":"https:\/\/sediaverde.nl\/de\/wp-json\/wp\/v2\/pages"}],"about":[{"href":"https:\/\/sediaverde.nl\/de\/wp-json\/wp\/v2\/types\/page"}],"author":[{"embeddable":true,"href":"https:\/\/sediaverde.nl\/de\/wp-json\/wp\/v2\/users\/1"}],"replies":[{"embeddable":true,"href":"https:\/\/sediaverde.nl\/de\/wp-json\/wp\/v2\/comments?post=12350"}],"version-history":[{"count":0,"href":"https:\/\/sediaverde.nl\/de\/wp-json\/wp\/v2\/pages\/12350\/revisions"}],"wp:attachment":[{"href":"https:\/\/sediaverde.nl\/de\/wp-json\/wp\/v2\/media?parent=12350"}],"curies":[{"name":"wp","href":"https:\/\/api.w.org\/{rel}","templated":true}]}}