{"id":3,"date":"2020-05-22T14:12:14","date_gmt":"2020-05-22T14:12:14","guid":{"rendered":"https:\/\/sediaverde.nl\/?page_id=3"},"modified":"2024-08-19T08:55:56","modified_gmt":"2024-08-19T06:55:56","slug":"datenschutzbestimmungen","status":"publish","type":"page","link":"https:\/\/sediaverde.nl\/de\/privacybeleid\/","title":{"rendered":"Datenschutzerkl\u00e4rung"},"content":{"rendered":"<div data-elementor-type=\"wp-page\" data-elementor-id=\"3\" class=\"elementor elementor-3\" data-elementor-post-type=\"page\">\n\t\t\t\t<div class=\"wd-negative-gap elementor-element elementor-element-4569e447 e-flex e-con-boxed e-con e-parent\" data-id=\"4569e447\" data-element_type=\"container\" data-e-type=\"container\">\n\t\t\t\t\t<div class=\"e-con-inner\">\n\t\t\t\t<div class=\"elementor-element elementor-element-22d3409e color-scheme-inherit text-left elementor-widget elementor-widget-text-editor\" data-id=\"22d3409e\" data-element_type=\"widget\" data-e-type=\"widget\" data-widget_type=\"text-editor.default\">\n\t\t\t\t<div class=\"elementor-widget-container\">\n\t\t\t\t\t\t\t\t\t<p><span style=\"color: #000000;\">Die Sediaverde B.V. mit Sitz in Herten ist verantwortlich f\u00fcr die Verarbeitung der personenbezogenen Daten, wie sie in dieser Datenschutzerkl\u00e4rung beschrieben sind.<\/span><\/p>\n<p><span style=\"color: #000000;\">Kontaktinformationen:<\/span><br><span style=\"color: #000000;\">Die Hanze 2<\/span><br><span style=\"color: #000000;\">6049 HZ, Herten<\/span><br><span style=\"color: #000000;\">Niederlande<\/span><br><span style=\"color: #000000;\">Tel: (+31) 475 543 559<\/span><\/p>\n<p><span style=\"color: #000000;\"><strong>Wir verarbeiten personenbezogene Daten:<br><\/strong>Sediaverde verarbeitet Ihre personenbezogenen Daten, weil Sie unsere Dienste nutzen und\/oder weil Sie uns diese Daten selbst zur Verf\u00fcgung stellen.<\/span><\/p>\n<p><span style=\"color: #000000;\"><strong>Nachstehend finden Sie einen \u00dcberblick \u00fcber die von uns verarbeiteten personenbezogenen Daten:<\/strong><\/span><\/p>\n<ul>\n<li><span style=\"color: #000000;\">Vorname und Nachname<\/span><\/li>\n<li><span style=\"color: #000000;\">Rufnummer<\/span><\/li>\n<li><span style=\"color: #000000;\">E-Mail Adresse<\/span><\/li>\n<li><span style=\"color: #000000;\">IP-Adresse<\/span><\/li>\n<li><span style=\"color: #000000;\">Sonstige personenbezogene Daten, die Sie uns aktiv zur Verf\u00fcgung stellen, z. B. durch die Erstellung eines Profils auf dieser Website, im Schriftverkehr und per Telefon<\/span><\/li>\n<li><span style=\"color: #000000;\">Standortdaten<\/span><\/li>\n<li><span style=\"color: #000000;\">Daten \u00fcber Ihre Aktivit\u00e4ten auf unserer Website<\/span><\/li>\n<li><span style=\"color: #000000;\">Daten \u00fcber Ihr Surfverhalten auf verschiedenen Websites (z. B. weil dieses Unternehmen Teil eines Werbenetzwerks ist)<\/span><\/li>\n<li><span style=\"color: #000000;\">Internet-Browser und Ger\u00e4tetyp<\/span><\/li>\n<\/ul>\n<p><strong><span style=\"color: #000000;\">Besondere und\/oder sensible personenbezogene Daten, die wir verarbeiten<\/span><\/strong><br><span style=\"color: #000000;\">Unsere Website und\/oder unser Dienst beabsichtigt nicht, Daten von Website-Besuchern zu sammeln, die unter 16 Jahre alt sind. <\/span><span style=\"color: #000000;\">Es sei denn, sie haben die Erlaubnis ihrer Eltern oder Erziehungsberechtigten. <\/span><span style=\"color: #000000;\">Wir k\u00f6nnen jedoch nicht \u00fcberpr\u00fcfen, ob ein Besucher \u00fcber 16 Jahre alt ist. Wir raten daher den Eltern, die Online-Aktivit\u00e4ten ihrer Kinder zu \u00fcberwachen,&nbsp;<\/span><span style=\"color: #000000;\">um zu vermeiden, dass Daten \u00fcber Kinder ohne elterliche Zustimmung erhoben werden.&nbsp;<\/span><span style=\"color: #000000;\">Wenn Sie davon \u00fcberzeugt sind, dass wir personenbezogene Daten \u00fcber einen Minderj\u00e4hrigen ohne eine solche Zustimmung gesammelt haben, wenden Sie sich bitte an info@sediaverde.nl, und wir werden diese Informationen l\u00f6schen.<\/span><\/p>\n<p><strong><span style=\"color: #000000;\">Zu welchem Zweck und auf welcher Grundlage wir personenbezogene Daten verarbeiten<\/span><\/strong><br><span style=\"color: #000000;\">Sediaverde verarbeitet Ihre personenbezogenen Daten f\u00fcr die folgenden Zwecke:<\/span><\/p>\n<ul>\n<li><span style=\"color: #000000;\">Zusendung unseres Newsletters und\/oder unserer Werbebrosch\u00fcre;<\/span><\/li>\n<li><span style=\"color: #000000;\">Sie anzurufen oder per E-Mail zu kontaktieren, wenn dies f\u00fcr die Erbringung unserer Dienstleistungen erforderlich ist;<\/span><\/li>\n<li><span style=\"color: #000000;\">Sie \u00fcber \u00c4nderungen unserer Dienstleistungen und Produkte zu informieren;<\/span><\/li>\n<li><span style=\"color: #000000;\">Sediaverde.de analysiert Ihr Verhalten auf der Website, um die Website zu verbessern und das Angebot an Produkten und Dienstleistungen auf Ihre Pr\u00e4ferenzen zuzuschneiden.<\/span><\/li>\n<\/ul>\n<p><span style=\"color: #000000;\">Automatisierte Entscheidungsfindung<\/span><br><span style=\"color: #000000;\">Sediaverde.de trifft keine Entscheidungen \u00fcber Angelegenheiten, die den Einzelnen (erheblich) beeintr\u00e4chtigen k\u00f6nnten, auf der Grundlage einer automatisierten Verarbeitung.<\/span><\/p>\n<p><span style=\"color: #000000;\">Sediaverde.de verkauft Ihre Daten nicht an Dritte und stellt sie nur dann zur Verf\u00fcgung, wenn dies f\u00fcr die Erf\u00fcllung unserer Vereinbarung mit Ihnen oder zur Erf\u00fcllung einer gesetzlichen Verpflichtung erforderlich ist.<\/span><\/p>\n<p><span style=\"color: #000000;\"><strong>Bei Ihrem ersten Besuch auf unserer Website haben wir Sie bereits \u00fcber diese Cookies informiert und um Ihr Einverst\u00e4ndnis gebeten, sie zu setzen.<br><\/strong>Sie k\u00f6nnen die Verwendung von Cookies ablehnen, indem Sie Ihren Internet-Browser so einstellen, dass keine Cookies mehr gespeichert werden. <\/span><span style=\"color: #000000;\">Dar\u00fcber hinaus k\u00f6nnen Sie \u00fcber die Einstellungen Ihres Browsers alle zuvor gespeicherten Informationen l\u00f6schen. <\/span><span style=\"color: #000000;\">F\u00fcr eine Erkl\u00e4rung siehe: https:\/\/veiliginternetten.nl\/themes\/situatie\/cookies-wat-zijn-het-en-wat-doe-ik-ermee\/.<\/span><\/p>\n<p><span style=\"color: #000000;\"><strong>Daten ansehen, \u00e4ndern oder l\u00f6schen<\/strong><\/span><br><span style=\"color: #000000;\">Sie haben das Recht auf Zugang, Berichtigung oder L\u00f6schung Ihrer personenbezogenen Daten.&nbsp;<\/span><span style=\"color: #000000;\">Dar\u00fcber hinaus haben Sie das Recht, Ihre etwaige Zustimmung zur Datenverarbeitung zu widerrufen oder der Verarbeitung Ihrer personenbezogenen Daten durch Sediaverde zu widersprechen, und Sie haben das Recht auf Daten\u00fcbertragbarkeit.&nbsp;<\/span><span style=\"color: #000000;\">Das bedeutet, dass Sie bei uns beantragen k\u00f6nnen, dass die personenbezogenen Daten, die wir \u00fcber Sie in einer Computerdatei gespeichert haben, an Sie oder eine andere von Ihnen benannte Organisation \u00fcbermittelt werden.<\/span><\/p>\n<p><span style=\"color: #000000;\">Sie k\u00f6nnen einen Antrag auf Einsichtnahme, Berichtigung, L\u00f6schung oder \u00dcbertragung Ihrer personenbezogenen Daten oder auf Widerruf Ihrer Einwilligung oder Widerspruch gegen die Verarbeitung Ihrer personenbezogenen Daten an info@sediaverde.nl richten.<\/span><\/p>\n<p><span style=\"color: #000000;\">Um sicherzustellen, dass der Antrag auf Einsichtnahme von Ihnen gestellt wird, bitten wir Sie, dem Antrag eine Kopie Ihres Identit\u00e4tsnachweises beizuf\u00fcgen.&nbsp;<\/span><span style=\"color: #000000;\">Schw\u00e4rzen Sie auf dieser Kopie Ihr Passfoto, die MRZ (maschinenlesbare Zone, der Zahlenstreifen am unteren Rand des Passes), die Passnummer und die B\u00fcrgerservicenummer (BSN).&nbsp;<\/span><span style=\"color: #000000;\">Dies dient dem Schutz Ihrer Privatsph\u00e4re. Wir werden Ihre Anfrage so schnell wie m\u00f6glich, jedoch innerhalb von vier Wochen, beantworten.<\/span><\/p>\n<p><span style=\"color: #000000;\">Sediaverde.de m\u00f6chte Sie auch dar\u00fcber informieren, dass Sie die M\u00f6glichkeit haben, bei der nationalen Aufsichtsbeh\u00f6rde, der Beh\u00f6rde f\u00fcr personenbezogene Daten, eine Beschwerde einzureichen.&nbsp;<\/span><span style=\"color: #000000;\">Sie k\u00f6nnen dies \u00fcber den folgenden Link tun: https:\/\/autoriteitpersoonsgegevens.nl\/nl\/contact-met-de-autoriteit-persoonsgegevens\/tip-ons<\/span><\/p>\n<p><b><span style=\"color: #000000;\">Wie wir personenbezogene Daten sch\u00fctzen<\/span><br><\/b><span style=\"color: #000000;\">Sediaverde nimmt den Schutz Ihrer Daten ernst und ergreift geeignete Ma\u00dfnahmen, um Missbrauch, Verlust, unbefugtem Zugriff, unerw\u00fcnschter Offenlegung und unbefugter \u00c4nderung entgegenzuwirken.&nbsp;<\/span><span style=\"color: #000000;\">Sollten Sie dennoch das Gef\u00fchl haben, dass Ihre Daten nicht ordnungsgem\u00e4\u00df gesichert sind oder es Hinweise auf einen Missbrauch gibt, wenden Sie sich bitte an unseren Kundendienst oder an info@sediaverde.nl.<\/span><\/p>\t\t\t\t\t\t\t\t<\/div>\n\t\t\t\t<\/div>\n\t\t\t\t\t<\/div>\n\t\t\t\t<\/div>\n\t\t\t\t<\/div>","protected":false},"excerpt":{"rendered":"<p>Sediaverde B.V. mit Sitz in Herten ist verantwortlich f\u00fcr die Verarbeitung personenbezogener Daten, wie in dieser Datenschutzerkl\u00e4rung beschrieben. Kontaktdaten:De hanze 26049<\/p>","protected":false},"author":1,"featured_media":0,"parent":0,"menu_order":0,"comment_status":"closed","ping_status":"closed","template":"","meta":{"footnotes":""},"class_list":["post-3","page","type-page","status-publish","hentry"],"_links":{"self":[{"href":"https:\/\/sediaverde.nl\/de\/wp-json\/wp\/v2\/pages\/3","targetHints":{"allow":["GET"]}}],"collection":[{"href":"https:\/\/sediaverde.nl\/de\/wp-json\/wp\/v2\/pages"}],"about":[{"href":"https:\/\/sediaverde.nl\/de\/wp-json\/wp\/v2\/types\/page"}],"author":[{"embeddable":true,"href":"https:\/\/sediaverde.nl\/de\/wp-json\/wp\/v2\/users\/1"}],"replies":[{"embeddable":true,"href":"https:\/\/sediaverde.nl\/de\/wp-json\/wp\/v2\/comments?post=3"}],"version-history":[{"count":0,"href":"https:\/\/sediaverde.nl\/de\/wp-json\/wp\/v2\/pages\/3\/revisions"}],"wp:attachment":[{"href":"https:\/\/sediaverde.nl\/de\/wp-json\/wp\/v2\/media?parent=3"}],"curies":[{"name":"wp","href":"https:\/\/api.w.org\/{rel}","templated":true}]}}