{"id":11191,"date":"2024-09-23T15:53:28","date_gmt":"2024-09-23T13:53:28","guid":{"rendered":"https:\/\/sediaverde.nl\/?post_type=product&#038;p=11191"},"modified":"2026-02-12T11:45:39","modified_gmt":"2026-02-12T09:45:39","slug":"burostuhl-profi-hoch-dunkelgrau","status":"publish","type":"product","link":"https:\/\/sediaverde.nl\/de\/producten\/bureaustoel-profi-high-donkergrijs\/","title":{"rendered":"B\u00fcrostuhl Profi High - Dunkelgrau"},"content":{"rendered":"<h2>Ausstattung B\u00fcrostuhl Profi High - dunkelgrau - Auslauf<\/h2>\n<p>Ergonomischer B\u00fcrostuhl mit Zertifikat NEN-EN 1335<br \/>\nAusgestattet mit DONATI-Synchronmechanik<br \/>\nArretierbar in 4 Positionen mit R\u00fcckschlagschutz<br \/>\nTiefenverstellung durch Schiebesitz<br \/>\nK\u00f6rpergewicht einstellbar<br \/>\n3D-verstellbare Armlehnen mit weicher Polsterung und Chromakzenten<br \/>\nH\u00f6henverstellbare R\u00fcckenlehne<br \/>\nEinstellbarer Sitzkippmechanismus<br \/>\nMultifunktions-Rollen 60 mm<br \/>\nGeeignet bis zu 120 kg<br \/>\nDesignerfu\u00dfkreuz aus schwarzem Kunststoff<br \/>\nDunkelgrau gepolsterter Sitz &amp; HIGH-R\u00fccken<br \/>\nGabriel-Polsterung - Verschlei\u00dffestigkeit 130.000 Martindale - feuerbest\u00e4ndig<br \/>\n5 Jahre Garantie<\/p>\n<h4>Verpackungsspezifikationen<\/h4>\n<p>Einheiten pro Box: 1 St\u00fcck<br \/>\nAbmessungen: 76 (L) x 38 (B) x 65 (H) cm<br \/>\nNettogewicht: 23,6 kg<br \/>\nBruttogewicht: 24,6 kg<\/p>","protected":false},"excerpt":{"rendered":"<p>Ein moderner B\u00fcrostuhl mit praktischen Verstellm\u00f6glichkeiten und gleichzeitig elegantem Design. Die durchdachte Kombination aus hochwertigem Stoff und strapazierf\u00e4higem Material sorgt stets f\u00fcr h\u00f6chsten Komfort und ein angenehmes Sitzklima.<\/p>\n<p><strong>Die Outlet-Version ist mit dunkelgrau gepolstertem Sitz und R\u00fcckenlehne erh\u00e4ltlich.\u00a0<\/strong><\/p>","protected":false},"featured_media":10404,"template":"","meta":[],"product_brand":[],"product_cat":[673],"product_tag":[310,312,313],"class_list":{"0":"post-11191","1":"product","2":"type-product","3":"status-publish","4":"has-post-thumbnail","6":"product_cat-outlet","7":"product_tag-bureaustoel","8":"product_tag-ergonomisch","9":"product_tag-zwart-voetkruis","11":"first","12":"instock","13":"taxable","14":"shipping-taxable","15":"product-type-variable","16":"wvs-archive-product-wrapper"},"_links":{"self":[{"href":"https:\/\/sediaverde.nl\/de\/wp-json\/wp\/v2\/product\/11191","targetHints":{"allow":["GET"]}}],"collection":[{"href":"https:\/\/sediaverde.nl\/de\/wp-json\/wp\/v2\/product"}],"about":[{"href":"https:\/\/sediaverde.nl\/de\/wp-json\/wp\/v2\/types\/product"}],"wp:featuredmedia":[{"embeddable":true,"href":"https:\/\/sediaverde.nl\/de\/wp-json\/wp\/v2\/media\/10404"}],"wp:attachment":[{"href":"https:\/\/sediaverde.nl\/de\/wp-json\/wp\/v2\/media?parent=11191"}],"wp:term":[{"taxonomy":"product_brand","embeddable":true,"href":"https:\/\/sediaverde.nl\/de\/wp-json\/wp\/v2\/product_brand?post=11191"},{"taxonomy":"product_cat","embeddable":true,"href":"https:\/\/sediaverde.nl\/de\/wp-json\/wp\/v2\/product_cat?post=11191"},{"taxonomy":"product_tag","embeddable":true,"href":"https:\/\/sediaverde.nl\/de\/wp-json\/wp\/v2\/product_tag?post=11191"}],"curies":[{"name":"wp","href":"https:\/\/api.w.org\/{rel}","templated":true}]}}