{"id":11699,"date":"2024-11-05T17:59:35","date_gmt":"2024-11-05T15:59:35","guid":{"rendered":"https:\/\/sediaverde.nl\/?post_type=product&#038;p=11699"},"modified":"2025-01-15T17:00:13","modified_gmt":"2025-01-15T15:00:13","slug":"substratmodul-verlangerungskabel","status":"publish","type":"product","link":"https:\/\/sediaverde.nl\/de\/producten\/onderbouwmodule-verlengkabel\/","title":{"rendered":"Verl\u00e4ngerungskabel (Extension)"},"content":{"rendered":"<p><strong>Technische Merkmale<\/strong><br \/>\nKabell\u00e4nge: 2 Meter<br \/>\nMaximale Stromst\u00e4rke: 16 Ampere<br \/>\nMaximale Spannung: 250 Volt<br \/>\nMaximale Ausgangsleistung: 4000 Watt<\/p>\n<p><strong>Farbe<br \/>\n<\/strong>Schwarz<\/p>","protected":false},"excerpt":{"rendered":"<p>Dieses Verl\u00e4ngerungskabel verf\u00fcgt \u00fcber eine eGST-Buchse und einen eGST-Stecker. Zur Verwendung als Verl\u00e4ngerung des <a href=\"https:\/\/sediaverde.nl\/de\/produkte\/egst-connector-basiskabel-eu-2-meter-cable-extend-2m\/\"><span style=\"color: #6ac672;\">Basic Cable<\/span> <\/a>unseres Unterbaumoduls Extension. Standardkabell\u00e4nge 2 Meter. Erh\u00e4ltlich in schwarz.<\/p>","protected":false},"featured_media":11741,"template":"","meta":[],"product_brand":[],"product_cat":[698],"product_tag":[],"class_list":{"0":"post-11699","1":"product","2":"type-product","3":"status-publish","4":"has-post-thumbnail","6":"product_cat-elektrificatie","8":"first","9":"instock","10":"taxable","11":"shipping-taxable","12":"product-type-simple"},"_links":{"self":[{"href":"https:\/\/sediaverde.nl\/de\/wp-json\/wp\/v2\/product\/11699","targetHints":{"allow":["GET"]}}],"collection":[{"href":"https:\/\/sediaverde.nl\/de\/wp-json\/wp\/v2\/product"}],"about":[{"href":"https:\/\/sediaverde.nl\/de\/wp-json\/wp\/v2\/types\/product"}],"wp:featuredmedia":[{"embeddable":true,"href":"https:\/\/sediaverde.nl\/de\/wp-json\/wp\/v2\/media\/11741"}],"wp:attachment":[{"href":"https:\/\/sediaverde.nl\/de\/wp-json\/wp\/v2\/media?parent=11699"}],"wp:term":[{"taxonomy":"product_brand","embeddable":true,"href":"https:\/\/sediaverde.nl\/de\/wp-json\/wp\/v2\/product_brand?post=11699"},{"taxonomy":"product_cat","embeddable":true,"href":"https:\/\/sediaverde.nl\/de\/wp-json\/wp\/v2\/product_cat?post=11699"},{"taxonomy":"product_tag","embeddable":true,"href":"https:\/\/sediaverde.nl\/de\/wp-json\/wp\/v2\/product_tag?post=11699"}],"curies":[{"name":"wp","href":"https:\/\/api.w.org\/{rel}","templated":true}]}}