{"id":11803,"date":"2024-11-25T13:02:30","date_gmt":"2024-11-25T11:02:30","guid":{"rendered":"https:\/\/sediaverde.nl\/?post_type=product&#038;p=11803"},"modified":"2026-02-17T10:36:20","modified_gmt":"2026-02-17T08:36:20","slug":"burostuhl-valor","status":"publish","type":"product","link":"https:\/\/sediaverde.nl\/de\/producten\/bureaustoel-valor\/","title":{"rendered":"B\u00fcrostuhl Valor"},"content":{"rendered":"<h3>Eigenschaften B\u00fcrostuhl Valor<\/h3>\n<p>Ergonomischer B\u00fcrostuhl mit Zertifikat NEN-EN 1335<br \/>\nAusgestattet mit Synchronmechanik<br \/>\nR\u00fcckenlehne in 4 Positionen arretierbar mit R\u00fcckschlagschutz<br \/>\nTiefenverstellung durch Schiebesitz<br \/>\nR\u00fcckenh\u00f6he in 4 Positionen einstellbar<br \/>\n4D verstellbare Armlehnen<br \/>\n3D-verstellbare Kopfst\u00fctze<br \/>\nMultifunktions-Rollen 60 mm<br \/>\nGeeignet bis zu 150 kg<br \/>\nDesignerfu\u00dfkreuz aus schwarzem Kunststoff<br \/>\nSchwarz gepolsterter Sitz und Netzr\u00fcckenlehne<br \/>\nPolsterung - Verschlei\u00dffestigkeit 100.000 Martindale - feuerfest<br \/>\nSehr bequemer Sitz durch Formschaumsitz<br \/>\n5 Jahre Garantie<\/p>\n<h4><strong>Verpackungsspezifikationen<\/strong><\/h4>\n<p>Einheiten pro Box: 1 St\u00fcck<br \/>\nAbmessungen: 75 (L) x 42 (B) x 64 (H) cm<br \/>\nNettogewicht: 21,7 kg<br \/>\nBruttogewicht: 22,7 kg<\/p>","protected":false},"excerpt":{"rendered":"<p>Sie suchen Komfort und Stil? Dann sind Sie bei unserem Valor-B\u00fcrostuhl genau an der richtigen Adresse. Die R\u00fcckenlehne aus Designer-Netz bietet an den richtigen Stellen Halt. Der \u00e4u\u00dferst bequeme Sitz besteht aus geformtem Schaumstoff. Zu den Merkmalen geh\u00f6ren das NEN-EN 1335-Zertifikat, eine Synchronmechanik, ein verschiebbarer Sitz, eine tiefen- und h\u00f6henverstellbare R\u00fcckenlehne und 4D-verstellbare Armlehnen. Der Valor-B\u00fcrostuhl ist eine Bereicherung f\u00fcr jeden Arbeitsplatz.<\/p>\n<p><strong>Schwarz ab Lager lieferbar.<\/strong><\/p>","protected":false},"featured_media":11826,"template":"","meta":[],"product_brand":[],"product_cat":[309],"product_tag":[],"class_list":{"0":"post-11803","1":"product","2":"type-product","3":"status-publish","4":"has-post-thumbnail","6":"product_cat-groothandel-bureaustoel","8":"first","9":"instock","10":"taxable","11":"shipping-taxable","12":"product-type-simple"},"_links":{"self":[{"href":"https:\/\/sediaverde.nl\/de\/wp-json\/wp\/v2\/product\/11803","targetHints":{"allow":["GET"]}}],"collection":[{"href":"https:\/\/sediaverde.nl\/de\/wp-json\/wp\/v2\/product"}],"about":[{"href":"https:\/\/sediaverde.nl\/de\/wp-json\/wp\/v2\/types\/product"}],"wp:featuredmedia":[{"embeddable":true,"href":"https:\/\/sediaverde.nl\/de\/wp-json\/wp\/v2\/media\/11826"}],"wp:attachment":[{"href":"https:\/\/sediaverde.nl\/de\/wp-json\/wp\/v2\/media?parent=11803"}],"wp:term":[{"taxonomy":"product_brand","embeddable":true,"href":"https:\/\/sediaverde.nl\/de\/wp-json\/wp\/v2\/product_brand?post=11803"},{"taxonomy":"product_cat","embeddable":true,"href":"https:\/\/sediaverde.nl\/de\/wp-json\/wp\/v2\/product_cat?post=11803"},{"taxonomy":"product_tag","embeddable":true,"href":"https:\/\/sediaverde.nl\/de\/wp-json\/wp\/v2\/product_tag?post=11803"}],"curies":[{"name":"wp","href":"https:\/\/api.w.org\/{rel}","templated":true}]}}