{"id":11891,"date":"2025-01-21T10:01:06","date_gmt":"2025-01-21T08:01:06","guid":{"rendered":"https:\/\/sediaverde.nl\/?post_type=product&#038;p=11891"},"modified":"2026-02-13T09:26:05","modified_gmt":"2026-02-13T07:26:05","slug":"burostuhl-basic-pu-semi-leder","status":"publish","type":"product","link":"https:\/\/sediaverde.nl\/de\/producten\/bureaustoel-basic-pu-semi-leer\/","title":{"rendered":"B\u00fcrostuhl Basic - Semi PU Leder"},"content":{"rendered":"<h3>Ausstattung Schreibtischstuhl Basic - Semi-Leder<\/h3>\n<p>Ergonomischer B\u00fcrostuhl mit Zertifikat NEN-EN 1335<br \/>\nAusgestattet mit Synchronmechanik<br \/>\nArretierbar in 4 Positionen mit R\u00fcckschlagschutz<br \/>\nTiefenverstellung durch Schiebesitz<br \/>\nK\u00f6rpergewicht einstellbar<br \/>\n3D-verstellbare Armlehnen mit weichem Polster<br \/>\nH\u00f6henverstellbare R\u00fcckenlehne<br \/>\nMultifunktions-Rollen 60 mm<br \/>\nGeeignet bis zu 120 kg<br \/>\nWahlweise mit schwarzem Kunststoff-Designerfu\u00dfkreuz oder Chrom-Fu\u00dfkreuz<br \/>\nSitz und R\u00fcckenlehne aus schwarzem PU-Halbleder<br \/>\nIlse-Polster - feuerbest\u00e4ndig<br \/>\nSitz mit hochwertigem Schaumstoff gef\u00fcllt<br \/>\n5 Jahre Garantie<\/p>\n<h4>Verpackungsspezifikationen<\/h4>\n<p>Einheiten pro Box: 1 St\u00fcck<br \/>\nAbmessungen: 73 (L) x 38 (B) x 65 (H) cm<br \/>\nNettogewicht: 20 kg<br \/>\nBruttogewicht: 21 kg<\/p>","protected":false},"excerpt":{"rendered":"<p>Durch die Kombination von Ergonomie, Design und exklusiver Qualit\u00e4t schafft der Basic-B\u00fcrostuhl ein Sitzerlebnis von Luxus und schlichter Einfachheit und f\u00fcgt sich somit nahtlos in jedes Raumkonzept ein. Au\u00dferdem ist dieser Stuhl EN-1335-zertifiziert.<\/p>\n<p><strong>Schwarzes Semi-Leder ab Lager lieferbar.<\/strong><\/p>","protected":false},"featured_media":12557,"template":"","meta":[],"product_brand":[],"product_cat":[309],"product_tag":[310,312,313],"class_list":{"0":"post-11891","1":"product","2":"type-product","3":"status-publish","4":"has-post-thumbnail","6":"product_cat-groothandel-bureaustoel","7":"product_tag-bureaustoel","8":"product_tag-ergonomisch","9":"product_tag-zwart-voetkruis","11":"first","12":"instock","13":"taxable","14":"shipping-taxable","15":"product-type-variable","16":"wvs-archive-product-wrapper"},"_links":{"self":[{"href":"https:\/\/sediaverde.nl\/de\/wp-json\/wp\/v2\/product\/11891","targetHints":{"allow":["GET"]}}],"collection":[{"href":"https:\/\/sediaverde.nl\/de\/wp-json\/wp\/v2\/product"}],"about":[{"href":"https:\/\/sediaverde.nl\/de\/wp-json\/wp\/v2\/types\/product"}],"wp:featuredmedia":[{"embeddable":true,"href":"https:\/\/sediaverde.nl\/de\/wp-json\/wp\/v2\/media\/12557"}],"wp:attachment":[{"href":"https:\/\/sediaverde.nl\/de\/wp-json\/wp\/v2\/media?parent=11891"}],"wp:term":[{"taxonomy":"product_brand","embeddable":true,"href":"https:\/\/sediaverde.nl\/de\/wp-json\/wp\/v2\/product_brand?post=11891"},{"taxonomy":"product_cat","embeddable":true,"href":"https:\/\/sediaverde.nl\/de\/wp-json\/wp\/v2\/product_cat?post=11891"},{"taxonomy":"product_tag","embeddable":true,"href":"https:\/\/sediaverde.nl\/de\/wp-json\/wp\/v2\/product_tag?post=11891"}],"curies":[{"name":"wp","href":"https:\/\/api.w.org\/{rel}","templated":true}]}}