{"id":12598,"date":"2025-04-09T16:49:25","date_gmt":"2025-04-09T14:49:25","guid":{"rendered":"https:\/\/sediaverde.nl\/?post_type=product&#038;p=12598"},"modified":"2025-12-10T17:42:46","modified_gmt":"2025-12-10T15:42:46","slug":"burostuhl-glory-schwarz","status":"publish","type":"product","link":"https:\/\/sediaverde.nl\/de\/producten\/bureaustoel-glory-zwart\/","title":{"rendered":"B\u00fcrostuhl Glory - Schwarz"},"content":{"rendered":"<h3>Eigenschaften B\u00fcrostuhl Glory - Schwarz<\/h3>\n<p>Ergonomischer B\u00fcrostuhl mit Zertifikat NEN-EN 1335<br \/>\nAusgestattet mit DONATI-Synchronmechanik<br \/>\nR\u00fccken in 4 Positionen arretierbar mit R\u00fcckschlagschutz<br \/>\nTiefenverstellung durch Schiebesitz<br \/>\nVerstellbarer Sitzwinkel<br \/>\nFlexibel h\u00f6henverstellbare Lendenwirbelst\u00fctze<br \/>\n4D verstellbare Armlehnen<br \/>\nMultifunktionsrollen mit Bremse 60 mm<br \/>\nGeeignet bis zu 150 kg<br \/>\nDesignerfu\u00dfkreuz aus schwarzem Kunststoff<br \/>\nRahmenfarbe schwarz<br \/>\nSchwarzer gepolsterter Sitz und schwarze Netzr\u00fcckenlehne<br \/>\nSehr starke Polsterung - Verschlei\u00dffestigkeit &gt; 100.000 Martindale - feuerbest\u00e4ndig<br \/>\nSitz mit 90 mm dickem Qualit\u00e4tsschaum gef\u00fcllt<br \/>\n5 Jahre Garantie<\/p>\n<h4>Verpackungsspezifikationen<\/h4>\n<p>Einheiten pro Box: 1 St\u00fcck<\/p>\n<p>Gr\u00f6\u00dfe Box 1\/2 (Stuhl): 75 (L) x 33 (B) x 65 (H) cm - 19,6 kg<br \/>\nGr\u00f6\u00dfe der Box 2\/2 (Kopfst\u00fctze): 31 (L) x 30 (B) x 15 (H) cm - 1,1 kg<\/p>\n<h4>Optionen<\/h4>\n<ul>\n<li>2D-verstellbare Kopfst\u00fctze (H\u00f6he und Neigung)<\/li>\n<\/ul>","protected":false},"excerpt":{"rendered":"<p class=\"\" data-start=\"79\" data-end=\"584\">Die <strong data-start=\"82\" data-end=\"105\">B\u00fcrostuhl \"Glory\"<\/strong> bietet Komfort und Verstellbarkeit zu einem sehr wettbewerbsf\u00e4higen Preis. Mit verschiedenen Verstellm\u00f6glichkeiten wie verstellbaren Armlehnen, Sitzh\u00f6he, h\u00f6henverstellbarer Lendenwirbelst\u00fctze und neigbarer R\u00fcckenlehne k\u00f6nnen Sie ganz einfach die ideale Sitzposition finden. Der Stuhl entspricht der Norm EN-1335, die eine lange Lebensdauer und eine langfristige Unterst\u00fctzung garantiert. Sie k\u00f6nnen den Stuhl mit einer optionalen Kopfst\u00fctze weiter personalisieren und zwischen einer schwarzen oder wei\u00dfen Ausf\u00fchrung w\u00e4hlen, die perfekt zu Ihrer B\u00fcroeinrichtung passt.<\/p>\n<p class=\"\" data-start=\"586\" data-end=\"773\"><strong data-start=\"586\" data-end=\"597\">Anmerkung:<\/strong> Die wei\u00dfe Version ist preislich h\u00f6her angesiedelt, da sie mit einer speziellen Pulverbeschichtung versehen ist, die daf\u00fcr sorgt, dass die wei\u00dfe Farbe leuchtend bleibt und nicht mit der Zeit vergilbt.<\/p>","protected":false},"featured_media":12636,"template":"","meta":[],"product_brand":[],"product_cat":[309],"product_tag":[],"class_list":{"0":"post-12598","1":"product","2":"type-product","3":"status-publish","4":"has-post-thumbnail","6":"product_cat-groothandel-bureaustoel","8":"first","9":"instock","10":"taxable","11":"shipping-taxable","12":"product-type-variable","13":"wvs-archive-product-wrapper"},"_links":{"self":[{"href":"https:\/\/sediaverde.nl\/de\/wp-json\/wp\/v2\/product\/12598","targetHints":{"allow":["GET"]}}],"collection":[{"href":"https:\/\/sediaverde.nl\/de\/wp-json\/wp\/v2\/product"}],"about":[{"href":"https:\/\/sediaverde.nl\/de\/wp-json\/wp\/v2\/types\/product"}],"wp:featuredmedia":[{"embeddable":true,"href":"https:\/\/sediaverde.nl\/de\/wp-json\/wp\/v2\/media\/12636"}],"wp:attachment":[{"href":"https:\/\/sediaverde.nl\/de\/wp-json\/wp\/v2\/media?parent=12598"}],"wp:term":[{"taxonomy":"product_brand","embeddable":true,"href":"https:\/\/sediaverde.nl\/de\/wp-json\/wp\/v2\/product_brand?post=12598"},{"taxonomy":"product_cat","embeddable":true,"href":"https:\/\/sediaverde.nl\/de\/wp-json\/wp\/v2\/product_cat?post=12598"},{"taxonomy":"product_tag","embeddable":true,"href":"https:\/\/sediaverde.nl\/de\/wp-json\/wp\/v2\/product_tag?post=12598"}],"curies":[{"name":"wp","href":"https:\/\/api.w.org\/{rel}","templated":true}]}}