{"id":12709,"date":"2025-05-21T12:00:37","date_gmt":"2025-05-21T10:00:37","guid":{"rendered":"https:\/\/sediaverde.nl\/?post_type=product&#038;p=12709"},"modified":"2026-03-05T12:40:15","modified_gmt":"2026-03-05T10:40:15","slug":"satz-harte-rader","status":"publish","type":"product","link":"https:\/\/sediaverde.nl\/de\/producten\/set-harde-wielen\/","title":{"rendered":"Satz mit 5 harten R\u00e4dern, geeignet f\u00fcr weiche Oberfl\u00e4chen"},"content":{"rendered":"<h2>Merkmale Satz harter Rollen<\/h2>\n<p>Satz mit 5 harten Rollen<br \/>\nStiftgr\u00f6\u00dfe: 11 mm<br \/>\nDurchmesser: 60 mm<\/p>","protected":false},"excerpt":{"rendered":"<p>Satz mit 5 harten Rollen<br \/>\nStiftgr\u00f6\u00dfe: 11 mm<br \/>\nDurchmesser: 60 mm<\/p>\n<p>Diese Rollen sind f\u00fcr die B\u00fcrost\u00fchle auf unserer Website geeignet und k\u00f6nnen auf weichen Untergr\u00fcnden (Teppich, Teppiche, Niederflorteppiche, filzartige Untergr\u00fcnde) verwendet werden.<\/p>","protected":false},"featured_media":12711,"template":"","meta":[],"product_brand":[],"product_cat":[670],"product_tag":[],"class_list":{"0":"post-12709","1":"product","2":"type-product","3":"status-publish","4":"has-post-thumbnail","6":"product_cat-groothandel-accessoire-kantoor","8":"first","9":"instock","10":"taxable","11":"shipping-taxable","12":"product-type-simple"},"_links":{"self":[{"href":"https:\/\/sediaverde.nl\/de\/wp-json\/wp\/v2\/product\/12709","targetHints":{"allow":["GET"]}}],"collection":[{"href":"https:\/\/sediaverde.nl\/de\/wp-json\/wp\/v2\/product"}],"about":[{"href":"https:\/\/sediaverde.nl\/de\/wp-json\/wp\/v2\/types\/product"}],"wp:featuredmedia":[{"embeddable":true,"href":"https:\/\/sediaverde.nl\/de\/wp-json\/wp\/v2\/media\/12711"}],"wp:attachment":[{"href":"https:\/\/sediaverde.nl\/de\/wp-json\/wp\/v2\/media?parent=12709"}],"wp:term":[{"taxonomy":"product_brand","embeddable":true,"href":"https:\/\/sediaverde.nl\/de\/wp-json\/wp\/v2\/product_brand?post=12709"},{"taxonomy":"product_cat","embeddable":true,"href":"https:\/\/sediaverde.nl\/de\/wp-json\/wp\/v2\/product_cat?post=12709"},{"taxonomy":"product_tag","embeddable":true,"href":"https:\/\/sediaverde.nl\/de\/wp-json\/wp\/v2\/product_tag?post=12709"}],"curies":[{"name":"wp","href":"https:\/\/api.w.org\/{rel}","templated":true}]}}