{"id":12981,"date":"2025-11-11T11:25:20","date_gmt":"2025-11-11T09:25:20","guid":{"rendered":"https:\/\/sediaverde.nl\/?post_type=product&#038;p=12981"},"modified":"2026-03-02T15:26:56","modified_gmt":"2026-03-02T13:26:56","slug":"konferenzstuhl-flexo","status":"publish","type":"product","link":"https:\/\/sediaverde.nl\/de\/producten\/vergaderstoel-flexo\/","title":{"rendered":"Besucher- und Konferenzstuhl Flexo"},"content":{"rendered":"<h3>Eigenschaften Sitzungsstuhl Flexo<\/h3>\n<p>Leicht zu falten<br \/>\nLeicht stapelbar<br \/>\nGepolsterter Sitz, gef\u00fcllt mit hochwertigem Schaumstoff f\u00fcr zus\u00e4tzlichen Komfort<br \/>\nSerienm\u00e4\u00dfig mit Fu\u00dfkappen ausgestattet<br \/>\nOptional: 60-mm-R\u00e4der<br \/>\nStapelbar - sowohl senkrecht als auch waagerecht<br \/>\nAusgestattet mit einem stabilen schwarzen Stahlrahmen<br \/>\nSitz &amp; R\u00fcckenlehne aus Polypropylen - Sitzkissen schwarz gepolstert<br \/>\n2 Jahre Garantie<\/p>\n<h4><strong>Verpackungsspezifikationen<\/strong><\/h4>\n<p>Einheiten pro Box: 1 St\u00fcck<br \/>\nAbmessungen: 60 (L) x 64 (B) x 64 (H) cm<br \/>\nNettogewicht: 12,4 kg<br \/>\nBruttogewicht: 13,4 kg<\/p>","protected":false},"excerpt":{"rendered":"<p>Flexo - dieser Konferenzstuhl verbindet auf perfekte Weise stilvolles Design mit praktischer Funktionalit\u00e4t. Er l\u00e4sst sich leicht zusammenklappen und kann vertikal oder horizontal gestapelt werden, um ihn effizient zu lagern. Mit einem Sitz aus Polypropylen, der mit einem Sitzkissen mit hochwertiger Schaumstofff\u00fcllung ausgestattet ist, einer R\u00fcckenlehne aus Polypropylen, Bodengleitern und optionalen 60-mm-Rollen bietet er sowohl Komfort als auch Vielseitigkeit. Ideal f\u00fcr Meetings, Veranstaltungen und Schulungsr\u00e4ume.<\/p>","protected":false},"featured_media":13875,"template":"","meta":[],"product_brand":[],"product_cat":[319],"product_tag":[],"class_list":{"0":"post-12981","1":"product","2":"type-product","3":"status-publish","4":"has-post-thumbnail","6":"product_cat-groothandel-vergaderstoel","8":"first","9":"instock","10":"taxable","11":"shipping-taxable","12":"product-type-variable","13":"wvs-archive-product-wrapper"},"_links":{"self":[{"href":"https:\/\/sediaverde.nl\/de\/wp-json\/wp\/v2\/product\/12981","targetHints":{"allow":["GET"]}}],"collection":[{"href":"https:\/\/sediaverde.nl\/de\/wp-json\/wp\/v2\/product"}],"about":[{"href":"https:\/\/sediaverde.nl\/de\/wp-json\/wp\/v2\/types\/product"}],"wp:featuredmedia":[{"embeddable":true,"href":"https:\/\/sediaverde.nl\/de\/wp-json\/wp\/v2\/media\/13875"}],"wp:attachment":[{"href":"https:\/\/sediaverde.nl\/de\/wp-json\/wp\/v2\/media?parent=12981"}],"wp:term":[{"taxonomy":"product_brand","embeddable":true,"href":"https:\/\/sediaverde.nl\/de\/wp-json\/wp\/v2\/product_brand?post=12981"},{"taxonomy":"product_cat","embeddable":true,"href":"https:\/\/sediaverde.nl\/de\/wp-json\/wp\/v2\/product_cat?post=12981"},{"taxonomy":"product_tag","embeddable":true,"href":"https:\/\/sediaverde.nl\/de\/wp-json\/wp\/v2\/product_tag?post=12981"}],"curies":[{"name":"wp","href":"https:\/\/api.w.org\/{rel}","templated":true}]}}