{"id":14250,"date":"2026-04-02T12:20:06","date_gmt":"2026-04-02T10:20:06","guid":{"rendered":"https:\/\/sediaverde.nl\/?post_type=product&#038;p=14250"},"modified":"2026-04-20T15:07:23","modified_gmt":"2026-04-20T13:07:23","slug":"thekenstuhl-profi","status":"publish","type":"product","link":"https:\/\/sediaverde.nl\/de\/producten\/loketstoel-profi\/","title":{"rendered":"Ticketschalterstuhl Profi"},"content":{"rendered":"<h3>Merkmale Thekenstuhl Profi<\/h3>\n<p>Ausgestattet mit DONATI-Synchronmechanik<br \/>\nArretierbar in 4 Positionen mit R\u00fcckschlagschutz<br \/>\nTiefenverstellung durch Schiebesitz<br \/>\nK\u00f6rpergewicht einstellbar<br \/>\n3D-verstellbare Armlehnen mit weicher Polsterung und Chromakzenten<br \/>\nH\u00f6henverstellbare R\u00fcckenlehne<br \/>\nVerstellbar mit einem Sitzkippmechanismus<br \/>\n<span style=\"text-decoration: underline;\">Hohe Gasfeder 260 mm<\/span><br \/>\n<span style=\"text-decoration: underline;\">Chrom mit schwarzem Fu\u00dfring<\/span><br \/>\n<span style=\"text-decoration: underline;\">Fu\u00dfkappen<\/span><br \/>\nGeeignet bis zu 120 kg<br \/>\nDesignerfu\u00dfkreuz aus schwarzem Kunststoff<br \/>\nSitz und R\u00fcckenlehne schwarz gepolstert<br \/>\nAndere Farben verf\u00fcgbar mit 12 Wochen Lieferzeit<br \/>\nIlse Polsterung - Verschlei\u00dffestigkeit 120.000 Martindale - feuerbest\u00e4ndig<br \/>\n5 Jahre Garantie<\/p>\n<h4>Verpackungsspezifikationen<\/h4>\n<p>Einheiten pro Box: 1 St\u00fcck<br \/>\nAbmessungen: 73 (L) x 38 (B) x 65 (H) cm<br \/>\nNettogewicht: 20 kg<br \/>\nBruttogewicht: 21 kg<\/p>","protected":false},"excerpt":{"rendered":"<p data-start=\"0\" data-end=\"257\">Mit unserem praktischen Counterstuhl-Set k\u00f6nnen Sie Ihren B\u00fcrostuhl ganz einfach in einen bequemen Counterstuhl verwandeln. Mit diesem Set k\u00f6nnen Sie Ihren vorhandenen Stuhl erh\u00f6hen und einen stabilen Fu\u00dfring hinzuf\u00fcgen, ideal f\u00fcr Theken, Werkb\u00e4nke und hohe Arbeitspl\u00e4tze.<\/p>\n<p data-start=\"259\" data-end=\"457\" data-is-last-node=\"\" data-is-only-node=\"\">Das Thekenstuhl-Set wird separat mit Ihrer Bestellung geliefert und ist einfach zu montieren. So k\u00f6nnen Sie schnell und effizient einen ergonomischen Hocharbeitsplatz schaffen, ohne einen komplett neuen Stuhl kaufen zu m\u00fcssen.<\/p>\n<p><strong>Schwarz ab Lager lieferbar, andere Farben sind mit Lieferzeit erh\u00e4ltlich.<\/strong><\/p>","protected":false},"featured_media":14340,"template":"","meta":[],"product_brand":[],"product_cat":[784],"product_tag":[310,312,321,314,318],"class_list":{"0":"post-14250","1":"product","2":"type-product","3":"status-publish","4":"has-post-thumbnail","6":"product_cat-loketstoelen","7":"product_tag-bureaustoel","8":"product_tag-ergonomisch","9":"product_tag-gabriel-stof","10":"product_tag-gepolijst-aluminium-voetkruis","11":"product_tag-tt3","13":"first","14":"instock","15":"taxable","16":"shipping-taxable","17":"product-type-simple"},"_links":{"self":[{"href":"https:\/\/sediaverde.nl\/de\/wp-json\/wp\/v2\/product\/14250","targetHints":{"allow":["GET"]}}],"collection":[{"href":"https:\/\/sediaverde.nl\/de\/wp-json\/wp\/v2\/product"}],"about":[{"href":"https:\/\/sediaverde.nl\/de\/wp-json\/wp\/v2\/types\/product"}],"wp:featuredmedia":[{"embeddable":true,"href":"https:\/\/sediaverde.nl\/de\/wp-json\/wp\/v2\/media\/14340"}],"wp:attachment":[{"href":"https:\/\/sediaverde.nl\/de\/wp-json\/wp\/v2\/media?parent=14250"}],"wp:term":[{"taxonomy":"product_brand","embeddable":true,"href":"https:\/\/sediaverde.nl\/de\/wp-json\/wp\/v2\/product_brand?post=14250"},{"taxonomy":"product_cat","embeddable":true,"href":"https:\/\/sediaverde.nl\/de\/wp-json\/wp\/v2\/product_cat?post=14250"},{"taxonomy":"product_tag","embeddable":true,"href":"https:\/\/sediaverde.nl\/de\/wp-json\/wp\/v2\/product_tag?post=14250"}],"curies":[{"name":"wp","href":"https:\/\/api.w.org\/{rel}","templated":true}]}}