{"id":14257,"date":"2026-04-02T12:40:52","date_gmt":"2026-04-02T10:40:52","guid":{"rendered":"https:\/\/sediaverde.nl\/?post_type=product&#038;p=14257"},"modified":"2026-04-20T16:17:08","modified_gmt":"2026-04-20T14:17:08","slug":"thekenstuhl-gleiter-netz","status":"publish","type":"product","link":"https:\/\/sediaverde.nl\/de\/producten\/loketstoel-glide-mesh\/","title":{"rendered":"Thekenstuhl Gleiter - Mesh"},"content":{"rendered":"<h3>Eigenschaften Counterstuhl Glide - Mesh<\/h3>\n<p>Ausgestattet mit Synchronmechanik<br \/>\nArretierbar in 4 Positionen mit R\u00fcckschlagschutz<br \/>\nTiefenverstellung durch Schiebesitz<br \/>\nK\u00f6rpergewicht einstellbar<br \/>\n3D-verstellbare Armlehnen mit weichem Polster<br \/>\nH\u00f6henverstellbare Lendenwirbelst\u00fctze<br \/>\n<span style=\"text-decoration: underline;\">Hohe Gasfeder 260 mm<\/span><br \/>\n<span style=\"text-decoration: underline;\">Chrom mit schwarzem Fu\u00dfring<\/span><br \/>\n<span style=\"text-decoration: underline;\">Fu\u00dfkappen<\/span><br \/>\nGeeignet bis zu 120 kg<br \/>\nSchwarzer Kunststoffsockel<br \/>\nSchwarzer gepolsterter Sitz und Netzr\u00fccken (auch mit gepolstertem R\u00fccken erh\u00e4ltlich)<br \/>\nAndere Farben verf\u00fcgbar mit 12 Wochen Lieferzeit<br \/>\nIlse Polsterung - Verschlei\u00dffestigkeit 120.000 Martindale - feuerbest\u00e4ndig<br \/>\n5 Jahre Garantie<\/p>\n<h4>Verpackungsspezifikationen<\/h4>\n<p>Einheiten pro Box: 1 St\u00fcck<br \/>\nAbmessungen: 70 (L) x 38 (B) x 64 (H) cm<br \/>\nNettogewicht: 20,8 kg<br \/>\nBruttogewicht: 21,8 kg<\/p>","protected":false},"excerpt":{"rendered":"<p data-start=\"0\" data-end=\"257\">Mit unserem praktischen Counterstuhl-Set k\u00f6nnen Sie Ihren B\u00fcrostuhl ganz einfach in einen bequemen Counterstuhl verwandeln. Mit diesem Set k\u00f6nnen Sie Ihren vorhandenen Stuhl erh\u00f6hen und einen stabilen Fu\u00dfring hinzuf\u00fcgen, ideal f\u00fcr Theken, Werkb\u00e4nke und hohe Arbeitspl\u00e4tze.<\/p>\n<p data-start=\"259\" data-end=\"457\" data-is-last-node=\"\" data-is-only-node=\"\">Das Thekenstuhl-Set wird separat mit Ihrer Bestellung geliefert und ist einfach zu montieren. So k\u00f6nnen Sie schnell und effizient einen ergonomischen Hocharbeitsplatz schaffen, ohne einen komplett neuen Stuhl kaufen zu m\u00fcssen.<\/p>\n<p><strong>Schwarz ab Lager lieferbar, andere Farben sind mit Lieferzeit erh\u00e4ltlich.<\/strong><\/p>","protected":false},"featured_media":14361,"template":"","meta":[],"product_brand":[],"product_cat":[784],"product_tag":[310,312,313],"class_list":{"0":"post-14257","1":"product","2":"type-product","3":"status-publish","4":"has-post-thumbnail","6":"product_cat-loketstoelen","7":"product_tag-bureaustoel","8":"product_tag-ergonomisch","9":"product_tag-zwart-voetkruis","11":"first","12":"instock","13":"taxable","14":"shipping-taxable","15":"product-type-simple"},"_links":{"self":[{"href":"https:\/\/sediaverde.nl\/de\/wp-json\/wp\/v2\/product\/14257","targetHints":{"allow":["GET"]}}],"collection":[{"href":"https:\/\/sediaverde.nl\/de\/wp-json\/wp\/v2\/product"}],"about":[{"href":"https:\/\/sediaverde.nl\/de\/wp-json\/wp\/v2\/types\/product"}],"wp:featuredmedia":[{"embeddable":true,"href":"https:\/\/sediaverde.nl\/de\/wp-json\/wp\/v2\/media\/14361"}],"wp:attachment":[{"href":"https:\/\/sediaverde.nl\/de\/wp-json\/wp\/v2\/media?parent=14257"}],"wp:term":[{"taxonomy":"product_brand","embeddable":true,"href":"https:\/\/sediaverde.nl\/de\/wp-json\/wp\/v2\/product_brand?post=14257"},{"taxonomy":"product_cat","embeddable":true,"href":"https:\/\/sediaverde.nl\/de\/wp-json\/wp\/v2\/product_cat?post=14257"},{"taxonomy":"product_tag","embeddable":true,"href":"https:\/\/sediaverde.nl\/de\/wp-json\/wp\/v2\/product_tag?post=14257"}],"curies":[{"name":"wp","href":"https:\/\/api.w.org\/{rel}","templated":true}]}}