{"id":14260,"date":"2026-04-02T12:47:36","date_gmt":"2026-04-02T10:47:36","guid":{"rendered":"https:\/\/sediaverde.nl\/?post_type=product&#038;p=14260"},"modified":"2026-04-20T15:13:37","modified_gmt":"2026-04-20T13:13:37","slug":"thekenstuhl-gleiter-stoff","status":"publish","type":"product","link":"https:\/\/sediaverde.nl\/de\/producten\/loketstoel-glide-fabric\/","title":{"rendered":"Thekenstuhl Gleiter - Stoff"},"content":{"rendered":"<h3>Eigenschaften Thekenstuhl Glide - Fabric<\/h3>\n<p>Ausgestattet mit einem Synchro-Mechanismus f\u00fcr eine ergonomische Sitzbewegung<br \/>\nMechanismus in 4 Positionen arretierbar, einschlie\u00dflich R\u00fcckschlagschutz<br \/>\nSitztiefenverstellung \u00fcber Schiebesitz<br \/>\nAnpassbar an das K\u00f6rpergewicht f\u00fcr optimalen Komfort<br \/>\n3D-verstellbare Armlehnen mit weichen Polstern<br \/>\nH\u00f6henverstellbare Lendenwirbelst\u00fctze f\u00fcr zus\u00e4tzliche Unterst\u00fctzung des R\u00fcckens<br \/>\nAusgestattet mit einer hohen Gasfeder (260 mm)<br \/>\nStabiler Chromfu\u00dfring mit schwarzer Oberfl\u00e4che<br \/>\nAusgestattet mit stabilen Fu\u00dfkappen<br \/>\nGeeignet f\u00fcr Benutzer bis zu 120 kg<br \/>\nSchwarzer Kunststoffsockel<br \/>\nSitz und R\u00fcckenlehne schwarz gepolstert (optional mit netzbespannter R\u00fcckenlehne)<br \/>\nAndere Farben lieferbar (Lieferzeit ca. 12 Wochen)<br \/>\nPolsterung: Ilse-Stoff - strapazierf\u00e4hig (120.000 Martindale) und feuerbest\u00e4ndig<br \/>\n5 Jahre Garantie<\/p>\n<h4>Verpackungsspezifikationen<\/h4>\n<p>Einheiten pro Box: 1 St\u00fcck<br \/>\nAbmessungen: 70 (L) x 38 (B) x 64 (H) cm<br \/>\nNettogewicht: 20,8 kg<br \/>\nBruttogewicht: 21,8 kg<\/p>","protected":false},"excerpt":{"rendered":"<p data-start=\"0\" data-end=\"257\">Mit unserem praktischen Counterstuhl-Set k\u00f6nnen Sie Ihren B\u00fcrostuhl ganz einfach in einen bequemen Counterstuhl verwandeln. Mit diesem Set k\u00f6nnen Sie Ihren vorhandenen Stuhl erh\u00f6hen und einen stabilen Fu\u00dfring hinzuf\u00fcgen, ideal f\u00fcr Theken, Werkb\u00e4nke und hohe Arbeitspl\u00e4tze.<\/p>\n<p data-start=\"259\" data-end=\"457\" data-is-last-node=\"\" data-is-only-node=\"\">Das Thekenstuhl-Set wird separat mit Ihrer Bestellung geliefert und ist einfach zu montieren. So k\u00f6nnen Sie schnell und effizient einen ergonomischen Hocharbeitsplatz schaffen, ohne einen komplett neuen Stuhl kaufen zu m\u00fcssen.<\/p>","protected":false},"featured_media":14328,"template":"","meta":[],"product_brand":[],"product_cat":[784],"product_tag":[310,312,313],"class_list":{"0":"post-14260","1":"product","2":"type-product","3":"status-publish","4":"has-post-thumbnail","6":"product_cat-loketstoelen","7":"product_tag-bureaustoel","8":"product_tag-ergonomisch","9":"product_tag-zwart-voetkruis","11":"first","12":"instock","13":"taxable","14":"shipping-taxable","15":"product-type-simple"},"_links":{"self":[{"href":"https:\/\/sediaverde.nl\/de\/wp-json\/wp\/v2\/product\/14260","targetHints":{"allow":["GET"]}}],"collection":[{"href":"https:\/\/sediaverde.nl\/de\/wp-json\/wp\/v2\/product"}],"about":[{"href":"https:\/\/sediaverde.nl\/de\/wp-json\/wp\/v2\/types\/product"}],"wp:featuredmedia":[{"embeddable":true,"href":"https:\/\/sediaverde.nl\/de\/wp-json\/wp\/v2\/media\/14328"}],"wp:attachment":[{"href":"https:\/\/sediaverde.nl\/de\/wp-json\/wp\/v2\/media?parent=14260"}],"wp:term":[{"taxonomy":"product_brand","embeddable":true,"href":"https:\/\/sediaverde.nl\/de\/wp-json\/wp\/v2\/product_brand?post=14260"},{"taxonomy":"product_cat","embeddable":true,"href":"https:\/\/sediaverde.nl\/de\/wp-json\/wp\/v2\/product_cat?post=14260"},{"taxonomy":"product_tag","embeddable":true,"href":"https:\/\/sediaverde.nl\/de\/wp-json\/wp\/v2\/product_tag?post=14260"}],"curies":[{"name":"wp","href":"https:\/\/api.w.org\/{rel}","templated":true}]}}