{"id":14263,"date":"2026-04-02T12:54:47","date_gmt":"2026-04-02T10:54:47","guid":{"rendered":"https:\/\/sediaverde.nl\/?post_type=product&#038;p=14263"},"modified":"2026-04-16T15:30:05","modified_gmt":"2026-04-16T13:30:05","slug":"counter-chair-comfy-air","status":"publish","type":"product","link":"https:\/\/sediaverde.nl\/de\/producten\/loketstoel-comfy-air\/","title":{"rendered":"Gegensitz Comfy Air"},"content":{"rendered":"<h3>Ausstattung Thekenstuhl Comfy Air<\/h3>\n<p>F\u00fcr eine optimale dynamische und ergonomische Sitzhaltung<br \/>\nErgonomischer Thekenstuhl mit NEN-1335-Zertifikat<br \/>\nLendenwirbelst\u00fctze einstellbar durch Lendenwirbelst\u00fctzpumpe<br \/>\nAusgestattet mit DONATI-Synchronmechanik<br \/>\nArretierbar in 4 Positionen mit R\u00fcckschlagschutz<br \/>\nTiefenverstellung durch Schiebesitz<br \/>\nVerstellbarer Sitzwinkel<br \/>\nEinstellbarer Sitzkippmechanismus<br \/>\nFlexibel h\u00f6henverstellbare R\u00fcckenlehne<br \/>\nR\u00fcckentiefe in 4 Positionen einstellbar<br \/>\n4D verstellbare Armlehnen aus Aluminium<br \/>\n<span style=\"text-decoration: underline;\">Hohe Gasfeder 260 mm<\/span><br \/>\n<span style=\"text-decoration: underline;\">Chrom mit schwarzem Fu\u00dfring<\/span><br \/>\n<span style=\"text-decoration: underline;\">Fu\u00dfkappen<\/span><br \/>\nGeeignet bis zu 120 kg<br \/>\nWahlweise mit schwarzem Kunststoff-Designerfu\u00dfkreuz oder Chrom-Fu\u00dfkreuz<br \/>\nGestellfarbe schwarz mit silbergrauen Akzenten<br \/>\nSchwarz gepolsterter Sitz und R\u00fcckenlehne (einzigartiges Design mit kontrastierenden Duo-N\u00e4hten)<br \/>\nAndere Farben verf\u00fcgbar mit 12 Wochen Lieferzeit<br \/>\nIlse Polsterung - Verschlei\u00dffestigkeit 120.000 Martindale - feuerfest<br \/>\nSitz mit hochwertigem Schaumstoff gef\u00fcllt<br \/>\n5 Jahre Garantie<\/p>\n<h4>Verpackungsspezifikationen<\/h4>\n<p>Einheiten pro Box: 1 St\u00fcck<br \/>\nAbmessungen: 76 (L) x 40 (B) x 65 (H) cm<br \/>\nNettogewicht: 22 kg<br \/>\nBruttogewicht: 23 kg<\/p>\n<h4>Optionen<\/h4>\n<p>3D-Softkopfst\u00fctze (H\u00f6he, Tiefe, neigbar)<\/p>","protected":false},"excerpt":{"rendered":"<p>Erstellen Sie jetzt ganz einfach hohe Firmenst\u00fchle mit unseren Erh\u00f6hungssets.<\/p>\n<p>Denken Sie an Arbeitspl\u00e4tze wie Theken, Produktionsbereiche, erh\u00f6hte Arbeitspl\u00e4tze und Labors.<\/p>\n<p>Geeignet f\u00fcr die folgenden B\u00fcrost\u00fchle: Basic (Stoff und PU), Glide (Stoff und Netz), Profi, Profi High und Comfy Air.<\/p>\n<p>Wie der B\u00fcrostuhl ist auch der Counterstuhl nach NEN-1335 zertifiziert.<\/p>\n<p><strong>Schwarz ab Lager lieferbar, andere Farben sind mit Lieferzeit erh\u00e4ltlich.<\/strong><\/p>","protected":false},"featured_media":14278,"template":"","meta":[],"product_brand":[],"product_cat":[784],"product_tag":[310,311,312,313],"class_list":{"0":"post-14263","1":"product","2":"type-product","3":"status-publish","4":"has-post-thumbnail","6":"product_cat-loketstoel","7":"product_tag-bureaustoel","8":"product_tag-er3","9":"product_tag-ergonomisch","10":"product_tag-zwart-voetkruis","12":"first","13":"instock","14":"taxable","15":"shipping-taxable","16":"product-type-variable","17":"wvs-archive-product-wrapper"},"_links":{"self":[{"href":"https:\/\/sediaverde.nl\/de\/wp-json\/wp\/v2\/product\/14263","targetHints":{"allow":["GET"]}}],"collection":[{"href":"https:\/\/sediaverde.nl\/de\/wp-json\/wp\/v2\/product"}],"about":[{"href":"https:\/\/sediaverde.nl\/de\/wp-json\/wp\/v2\/types\/product"}],"wp:featuredmedia":[{"embeddable":true,"href":"https:\/\/sediaverde.nl\/de\/wp-json\/wp\/v2\/media\/14278"}],"wp:attachment":[{"href":"https:\/\/sediaverde.nl\/de\/wp-json\/wp\/v2\/media?parent=14263"}],"wp:term":[{"taxonomy":"product_brand","embeddable":true,"href":"https:\/\/sediaverde.nl\/de\/wp-json\/wp\/v2\/product_brand?post=14263"},{"taxonomy":"product_cat","embeddable":true,"href":"https:\/\/sediaverde.nl\/de\/wp-json\/wp\/v2\/product_cat?post=14263"},{"taxonomy":"product_tag","embeddable":true,"href":"https:\/\/sediaverde.nl\/de\/wp-json\/wp\/v2\/product_tag?post=14263"}],"curies":[{"name":"wp","href":"https:\/\/api.w.org\/{rel}","templated":true}]}}