{"id":1820,"date":"2020-01-09T12:26:36","date_gmt":"2020-01-09T10:26:36","guid":{"rendered":"https:\/\/sediaverde.nl\/producten\/bureaustoel-er3-b\/"},"modified":"2026-03-19T11:28:09","modified_gmt":"2026-03-19T09:28:09","slug":"burostuhl-gemutlich","status":"publish","type":"product","link":"https:\/\/sediaverde.nl\/de\/producten\/bureaustoel-comfy\/","title":{"rendered":"B\u00fcrostuhl Comfy - Schwarz"},"content":{"rendered":"<h3>Eigenschaften B\u00fcrostuhl Comfy<\/h3>\n<p>Ergonomischer B\u00fcrostuhl mit Zertifikat NEN-EN 1335<br \/>\nAusgestattet mit DONATI-Synchronmechanik<br \/>\nArretierbar in 4 Positionen mit R\u00fcckschlagschutz<br \/>\nTiefenverstellung durch Schiebesitz<br \/>\nVerstellbarer Sitzwinkel<br \/>\nFlexibel h\u00f6henverstellbare R\u00fcckenlehne<br \/>\nR\u00fcckentiefe in 4 Positionen einstellbar<br \/>\n4D verstellbare Armlehnen aus Aluminium<br \/>\nMultifunktions-Rollen 60 mm<br \/>\nGeeignet bis zu 120 kg<br \/>\nWahlweise mit schwarzem Kunststoff-Designerfu\u00dfkreuz oder Chrom-Fu\u00dfkreuz<br \/>\nGestellfarbe schwarz mit silbergrauen Akzenten<br \/>\nSchwarz gepolsterter Sitz und R\u00fcckenlehne (einzigartiges Design mit kontrastierenden Duo-N\u00e4hten)<br \/>\nSehr starke GABRIEL-Polsterung - Verschlei\u00dffestigkeit 130.000 Martindale - feuerfest<br \/>\nSitz mit hochwertigem Schaumstoff gef\u00fcllt<br \/>\n5 Jahre Garantie<\/p>\n<h4><strong>Lagerfarben\u00a0<\/strong><\/h4>\n<p>Dunkelgrau, Hellgrau, Mittelblau, Hellblau, Burgunderrot, Rot und Lindgr\u00fcn k\u00f6nnen \u00fcber unsere Outlet-Seite bestellt werden. Klicken Sie hier: <a href=\"https:\/\/sediaverde.nl\/de\/produkt-kategorie\/steckdose\/\">Comfy Outlet<\/a><\/p>\n<h4>Verpackungsspezifikationen<\/h4>\n<p>Einheiten pro Box: 1 St\u00fcck<br \/>\nAbmessungen: 76 (L) x 40 (B) x 65 (H) cm<br \/>\nNettogewicht: 22 kg<br \/>\nBruttogewicht: 23 kg<\/p>\n<h4>Optionen<\/h4>\n<p>3D-Softkopfst\u00fctze (H\u00f6he, Tiefe, neigbar)<\/p>","protected":false},"excerpt":{"rendered":"<p>Der Comfy ist ein bequemer B\u00fcrostuhl mit einem ergonomischen Design und Sitz. Das schlanke Design verleiht dem Stuhl ein professionelles Aussehen. Die R\u00fcckenlehne ist mit einer h\u00f6henverstellbaren Lendenwirbelst\u00fctze ausgestattet, die den unteren R\u00fccken optimal st\u00fctzt. Zusammen mit der weichen Sitzfl\u00e4che sorgt dies daf\u00fcr, dass Sie stundenlang auf diesem B\u00fcrostuhl sitzen k\u00f6nnen.<\/p>\n<p>&nbsp;<\/p>","protected":false},"featured_media":10311,"template":"","meta":[],"product_brand":[],"product_cat":[309],"product_tag":[310,311,312,313],"class_list":{"0":"post-1820","1":"product","2":"type-product","3":"status-publish","4":"has-post-thumbnail","6":"product_cat-groothandel-bureaustoel","7":"product_tag-bureaustoel","8":"product_tag-er3","9":"product_tag-ergonomisch","10":"product_tag-zwart-voetkruis","12":"first","13":"instock","14":"taxable","15":"shipping-taxable","16":"product-type-variable","17":"wvs-archive-product-wrapper"},"_links":{"self":[{"href":"https:\/\/sediaverde.nl\/de\/wp-json\/wp\/v2\/product\/1820","targetHints":{"allow":["GET"]}}],"collection":[{"href":"https:\/\/sediaverde.nl\/de\/wp-json\/wp\/v2\/product"}],"about":[{"href":"https:\/\/sediaverde.nl\/de\/wp-json\/wp\/v2\/types\/product"}],"wp:featuredmedia":[{"embeddable":true,"href":"https:\/\/sediaverde.nl\/de\/wp-json\/wp\/v2\/media\/10311"}],"wp:attachment":[{"href":"https:\/\/sediaverde.nl\/de\/wp-json\/wp\/v2\/media?parent=1820"}],"wp:term":[{"taxonomy":"product_brand","embeddable":true,"href":"https:\/\/sediaverde.nl\/de\/wp-json\/wp\/v2\/product_brand?post=1820"},{"taxonomy":"product_cat","embeddable":true,"href":"https:\/\/sediaverde.nl\/de\/wp-json\/wp\/v2\/product_cat?post=1820"},{"taxonomy":"product_tag","embeddable":true,"href":"https:\/\/sediaverde.nl\/de\/wp-json\/wp\/v2\/product_tag?post=1820"}],"curies":[{"name":"wp","href":"https:\/\/api.w.org\/{rel}","templated":true}]}}