{"id":1831,"date":"2020-01-17T11:07:28","date_gmt":"2020-01-17T09:07:28","guid":{"rendered":"https:\/\/sediaverde.nl\/producten\/zit-sta-kruk-n1\/"},"modified":"2026-02-13T10:08:41","modified_gmt":"2026-02-13T08:08:41","slug":"sitz-steh-hocker-n1","status":"publish","type":"product","link":"https:\/\/sediaverde.nl\/de\/producten\/zit-sta-kruk-n1\/","title":{"rendered":"Sitz-Steh-Hilfe Balance"},"content":{"rendered":"<h3>Merkmale Sitz-Stehhilfe Balance<\/h3>\n<p>Ergonomische Steh-Sitz-Hilfe mit EN-16139 SGS-Zertifizierung<br \/>\nOptimale dynamische und ergonomische Unterst\u00fctzung, hervorragend geeignet f\u00fcr Arbeiten im Sitzen oder Stehen<br \/>\nEinzigartiges Design dank des runden Sitzes<br \/>\n360-Grad-Bewegungsmechanismus mit komfortablem Drehgriff f\u00fcr einfache Bewegung und H\u00f6heneinstellung<br \/>\nBeschwerte, sichere Grundplatte mit Staubschutzhaube zum Schutz vor Schmutz und Staub<br \/>\nEinfache H\u00f6henverstellung durch Rundgriff<br \/>\nH\u00f6henverstellbar von 58 bis 83 cm<br \/>\nGeeignet bis zu 120 kg<br \/>\nGestellfarbe schwarz mit silbergrauen Akzenten<br \/>\nSchwarzer gepolsterter Sitz<br \/>\nWeitere 8 Farben ab Lager lieferbar<br \/>\nSehr starke GABRIEL-Polsterung - Verschlei\u00dffestigkeit 130.000 Martindale - feuerbest\u00e4ndig<br \/>\nSitz mit hochwertigem Schaumstoff gef\u00fcllt<br \/>\n3 Jahre Garantie<\/p>\n<h4>Verpackungsspezifikationen<\/h4>\n<p>Einheiten pro Box: 1 St\u00fcck<br \/>\nAbmessungen: 49 (L) x 42 (B) x 28(H) cm<br \/>\nNettogewicht: 9,6 kg<br \/>\nBruttogewicht: 10,6 kg<\/p>","protected":false},"excerpt":{"rendered":"<p>Der Balance-Sitz-Steh-Hocker ist ein Balance-Hocker mit ergonomisch geformter Sitzfl\u00e4che und eignet sich besonders f\u00fcr die Arbeit im Stehen. Der Sitz ist mittels einer Gasfeder in der H\u00f6he verstellbar. Die untertassenf\u00f6rmige Basis schafft ein Ungleichgewicht und gibt dem K\u00f6rper einen Impuls zum aufrechten Sitzen.<\/p>\n<p><strong>Schwarz (F14-F60999) weitgehend ab Lager verf\u00fcgbar.<\/strong><\/p>\n<p>Dunkelgrau (F14-F60083), hellgrau (F14-F60082), dunkelblau (F14-F66083), mittelblau (F14-F66082), hellblau (F14-F66081), bordeauxrot (F14-F64102) und lindgr\u00fcn (F14-F68069) in begrenzter St\u00fcckzahl verf\u00fcgbar<\/p>","protected":false},"featured_media":10516,"template":"","meta":[],"product_brand":[],"product_cat":[316],"product_tag":[312,317],"class_list":{"0":"post-1831","1":"product","2":"type-product","3":"status-publish","4":"has-post-thumbnail","6":"product_cat-groothandel-actief-meubilair","7":"product_tag-ergonomisch","8":"product_tag-zit-sta-hulp","10":"first","11":"instock","12":"taxable","13":"shipping-taxable","14":"product-type-variable","15":"wvs-archive-product-wrapper"},"_links":{"self":[{"href":"https:\/\/sediaverde.nl\/de\/wp-json\/wp\/v2\/product\/1831","targetHints":{"allow":["GET"]}}],"collection":[{"href":"https:\/\/sediaverde.nl\/de\/wp-json\/wp\/v2\/product"}],"about":[{"href":"https:\/\/sediaverde.nl\/de\/wp-json\/wp\/v2\/types\/product"}],"wp:featuredmedia":[{"embeddable":true,"href":"https:\/\/sediaverde.nl\/de\/wp-json\/wp\/v2\/media\/10516"}],"wp:attachment":[{"href":"https:\/\/sediaverde.nl\/de\/wp-json\/wp\/v2\/media?parent=1831"}],"wp:term":[{"taxonomy":"product_brand","embeddable":true,"href":"https:\/\/sediaverde.nl\/de\/wp-json\/wp\/v2\/product_brand?post=1831"},{"taxonomy":"product_cat","embeddable":true,"href":"https:\/\/sediaverde.nl\/de\/wp-json\/wp\/v2\/product_cat?post=1831"},{"taxonomy":"product_tag","embeddable":true,"href":"https:\/\/sediaverde.nl\/de\/wp-json\/wp\/v2\/product_tag?post=1831"}],"curies":[{"name":"wp","href":"https:\/\/api.w.org\/{rel}","templated":true}]}}