{"id":1893,"date":"2020-03-23T07:51:25","date_gmt":"2020-03-23T05:51:25","guid":{"rendered":"https:\/\/sediaverde.nl\/producten\/hoofdsteun-er3\/"},"modified":"2025-01-31T10:42:07","modified_gmt":"2025-01-31T08:42:07","slug":"bequeme-kopfstutze","status":"publish","type":"product","link":"https:\/\/sediaverde.nl\/de\/producten\/hoofdsteun-comfy\/","title":{"rendered":"Kopfst\u00fctze Comfy"},"content":{"rendered":"<h3>Ausstattung Kopfst\u00fctze Comfy<\/h3>\n<p>H\u00f6henverstellbar, tiefenverstellbar &amp; neigbar<br \/>\nSehr starke GABRIEL-Polsterung - Verschlei\u00dffestigkeit 130.000 Martindale - feuerbest\u00e4ndig<br \/>\n5 Jahre Garantie<\/p>\n<h4>Verpackungsspezifikationen<\/h4>\n<p>Einheiten pro Box: 1 St\u00fcck<br \/>\nGr\u00f6\u00dfen: 34 (L) x 25 (B) x 12 (H) cm<br \/>\nNettogewicht: 1,02 kg<br \/>\nBruttogewicht: 1,2 kg<\/p>","protected":false},"excerpt":{"rendered":"<p>Lose Kopfst\u00fctze f\u00fcr B\u00fcrostuhl Comfy. Diese Kopfst\u00fctze ist sehr einfach zu montieren und kann bei einer sp\u00e4teren Bestellung angebracht werden. Es m\u00fcssen keine L\u00f6cher in den Rahmen gebohrt werden.<\/p>\n<p><strong>Schwarz (F14-F60999), dunkelgrau (F14-F60083), hellgrau (F14-F60082), dunkelblau (F14-F66083), mittelblau (F14-F66082), hellblau (F14-F66081), bordeauxrot (F14-F64102), rot (F14-F64103) und lindgr\u00fcn (F14-F68069) ab Lager lieferbar, andere Farben mit Lieferzeit.<\/strong><\/p>","protected":false},"featured_media":10320,"template":"","meta":[],"product_brand":[],"product_cat":[670,309],"product_tag":[310,311,312,315],"class_list":{"0":"post-1893","1":"product","2":"type-product","3":"status-publish","4":"has-post-thumbnail","6":"product_cat-groothandel-accessoire-kantoor","7":"product_cat-groothandel-bureaustoel","8":"product_tag-bureaustoel","9":"product_tag-er3","10":"product_tag-ergonomisch","11":"product_tag-hoofdsteun","13":"first","14":"instock","15":"taxable","16":"shipping-taxable","17":"product-type-variable","18":"wvs-archive-product-wrapper"},"_links":{"self":[{"href":"https:\/\/sediaverde.nl\/de\/wp-json\/wp\/v2\/product\/1893","targetHints":{"allow":["GET"]}}],"collection":[{"href":"https:\/\/sediaverde.nl\/de\/wp-json\/wp\/v2\/product"}],"about":[{"href":"https:\/\/sediaverde.nl\/de\/wp-json\/wp\/v2\/types\/product"}],"wp:featuredmedia":[{"embeddable":true,"href":"https:\/\/sediaverde.nl\/de\/wp-json\/wp\/v2\/media\/10320"}],"wp:attachment":[{"href":"https:\/\/sediaverde.nl\/de\/wp-json\/wp\/v2\/media?parent=1893"}],"wp:term":[{"taxonomy":"product_brand","embeddable":true,"href":"https:\/\/sediaverde.nl\/de\/wp-json\/wp\/v2\/product_brand?post=1893"},{"taxonomy":"product_cat","embeddable":true,"href":"https:\/\/sediaverde.nl\/de\/wp-json\/wp\/v2\/product_cat?post=1893"},{"taxonomy":"product_tag","embeddable":true,"href":"https:\/\/sediaverde.nl\/de\/wp-json\/wp\/v2\/product_tag?post=1893"}],"curies":[{"name":"wp","href":"https:\/\/api.w.org\/{rel}","templated":true}]}}