{"id":1928,"date":"2020-09-11T10:26:45","date_gmt":"2020-09-11T08:26:45","guid":{"rendered":"https:\/\/sediaverde.nl\/producten\/mx2-bureaustoel\/"},"modified":"2026-02-13T09:23:30","modified_gmt":"2026-02-13T07:23:30","slug":"schreibtischstuhl-ergon","status":"publish","type":"product","link":"https:\/\/sediaverde.nl\/de\/producten\/bureaustoel-ergon\/","title":{"rendered":"B\u00fcrostuhl Ergon"},"content":{"rendered":"<h3>Merkmale des Ergon-B\u00fcrostuhls<\/h3>\n<p>Ergonomischer B\u00fcrostuhl mit Zertifikat NEN-EN 1335<br \/>\nAusgestattet mit DONATI-Synchronmechanik<br \/>\nArretierbar in 4 Positionen mit R\u00fcckschlagschutz<br \/>\nTiefenverstellung durch Schiebesitz<br \/>\nK\u00f6rpergewicht einstellbar<br \/>\n4D verstellbare Armlehnen<br \/>\nH\u00f6henverstellbare R\u00fcckenlehne<br \/>\nMultifunktions-Rollen 60 mm<br \/>\nGeeignet bis zu 120 kg<br \/>\nWahlweise mit schwarzem Kunststoff-Designerfu\u00dfkreuz oder Chrom-Fu\u00dfkreuz<br \/>\nSchwarz gepolsterter Sitz und Netzr\u00fcckenlehne<br \/>\nAndere Farben verf\u00fcgbar mit 12 Wochen Lieferzeit<br \/>\nIlse Polsterung - Verschlei\u00dffestigkeit 120.000 Martindale - feuerbest\u00e4ndig<br \/>\n5 Jahre Garantie<\/p>\n<h4>Verpackungsspezifikationen<\/h4>\n<p>Einheiten pro Box: 1 St\u00fcck<br \/>\nAbmessungen: 70 (L) x 39 (B) x 65 (H) cm<br \/>\nNettogewicht: 19,6 kg<br \/>\nBruttogewicht: 20,6 kg<\/p>","protected":false},"excerpt":{"rendered":"<p>Der B\u00fcrostuhl Ergon ist ein komfortabler B\u00fcrostuhl mit einem ergonomischen Design. Das schlanke Design mit einer schwarzen, netzbespannten R\u00fcckenlehne verleiht dem Stuhl ein professionelles Aussehen. Die R\u00fcckenlehne ist mit einer Lendenwirbelst\u00fctze ausgestattet, die den unteren R\u00fccken optimal st\u00fctzt.<\/p>\n<p><strong>Schwarz ab Lager lieferbar, andere Farben sind mit Lieferzeit erh\u00e4ltlich.<\/strong><\/p>","protected":false},"featured_media":10355,"template":"","meta":[],"product_brand":[],"product_cat":[309],"product_tag":[310,312,324,325,313],"class_list":{"0":"post-1928","1":"product","2":"type-product","3":"status-publish","4":"has-post-thumbnail","6":"product_cat-groothandel-bureaustoel","7":"product_tag-bureaustoel","8":"product_tag-ergonomisch","9":"product_tag-gecertificeerd","10":"product_tag-netrug","11":"product_tag-zwart-voetkruis","13":"first","14":"instock","15":"taxable","16":"shipping-taxable","17":"product-type-variable","18":"wvs-archive-product-wrapper"},"_links":{"self":[{"href":"https:\/\/sediaverde.nl\/de\/wp-json\/wp\/v2\/product\/1928","targetHints":{"allow":["GET"]}}],"collection":[{"href":"https:\/\/sediaverde.nl\/de\/wp-json\/wp\/v2\/product"}],"about":[{"href":"https:\/\/sediaverde.nl\/de\/wp-json\/wp\/v2\/types\/product"}],"wp:featuredmedia":[{"embeddable":true,"href":"https:\/\/sediaverde.nl\/de\/wp-json\/wp\/v2\/media\/10355"}],"wp:attachment":[{"href":"https:\/\/sediaverde.nl\/de\/wp-json\/wp\/v2\/media?parent=1928"}],"wp:term":[{"taxonomy":"product_brand","embeddable":true,"href":"https:\/\/sediaverde.nl\/de\/wp-json\/wp\/v2\/product_brand?post=1928"},{"taxonomy":"product_cat","embeddable":true,"href":"https:\/\/sediaverde.nl\/de\/wp-json\/wp\/v2\/product_cat?post=1928"},{"taxonomy":"product_tag","embeddable":true,"href":"https:\/\/sediaverde.nl\/de\/wp-json\/wp\/v2\/product_tag?post=1928"}],"curies":[{"name":"wp","href":"https:\/\/api.w.org\/{rel}","templated":true}]}}