{"id":2228,"date":"2022-11-30T12:16:32","date_gmt":"2022-11-30T10:16:32","guid":{"rendered":"https:\/\/sediaverde.nl\/?post_type=product&#038;p=2228"},"modified":"2025-01-31T10:42:02","modified_gmt":"2025-01-31T08:42:02","slug":"burostuhl-gleiter-netz","status":"publish","type":"product","link":"https:\/\/sediaverde.nl\/de\/producten\/bureaustoel-glide-mesh\/","title":{"rendered":"B\u00fcrostuhl Glide - Mesh"},"content":{"rendered":"<h3>Eigenschaften B\u00fcrostuhl Glide - Mesh<\/h3>\n<p>Ergonomischer B\u00fcrostuhl mit Zertifikat NEN-EN 1335<br \/>\nAusgestattet mit Synchronmechanik<br \/>\nArretierbar in 4 Positionen mit R\u00fcckschlagschutz<br \/>\nTiefenverstellung durch Schiebesitz<br \/>\nK\u00f6rpergewicht einstellbar<br \/>\n3D-verstellbare Armlehnen mit weichem Polster<br \/>\nH\u00f6henverstellbare Lendenwirbelst\u00fctze<br \/>\nMultifunktions-Rollen 60 mm<br \/>\nGeeignet bis zu 120 kg<br \/>\nWahlweise mit schwarzem Kunststoffsockel oder Chromsockel<br \/>\nSchwarzer gepolsterter Sitz und Netzr\u00fccken (auch mit gepolstertem R\u00fccken erh\u00e4ltlich)<br \/>\nAndere Farben verf\u00fcgbar mit 12 Wochen Lieferzeit<br \/>\nIlse Polsterung - Verschlei\u00dffestigkeit 120.000 Martindale - feuerbest\u00e4ndig<br \/>\n5 Jahre Garantie<\/p>\n<h4>Verpackungsspezifikationen<\/h4>\n<p>Einheiten pro Box: 1 St\u00fcck<br \/>\nAbmessungen: 70 (L) x 38 (B) x 64 (H) cm<br \/>\nNettogewicht: 20,8 kg<br \/>\nBruttogewicht: 21,8 kg<\/p>","protected":false},"excerpt":{"rendered":"<p>Der Glide ist ein moderner B\u00fcrostuhl mit praktischen Verstellm\u00f6glichkeiten und gleichzeitig elegantem Design. Die raffinierte Kombination aus atmungsaktivem Netzgewebe und strapazierf\u00e4higem Material sorgt f\u00fcr h\u00f6chsten Komfort und ein angenehmes Sitzklima.<\/p>\n<p><strong>Schwarz ab Lager lieferbar, andere Farben sind mit Lieferzeit erh\u00e4ltlich.<\/strong><\/p>","protected":false},"featured_media":10397,"template":"","meta":[],"product_brand":[],"product_cat":[309],"product_tag":[310,312,313],"class_list":{"0":"post-2228","1":"product","2":"type-product","3":"status-publish","4":"has-post-thumbnail","6":"product_cat-groothandel-bureaustoel","7":"product_tag-bureaustoel","8":"product_tag-ergonomisch","9":"product_tag-zwart-voetkruis","11":"first","12":"instock","13":"taxable","14":"shipping-taxable","15":"product-type-variable","16":"wvs-archive-product-wrapper"},"_links":{"self":[{"href":"https:\/\/sediaverde.nl\/de\/wp-json\/wp\/v2\/product\/2228","targetHints":{"allow":["GET"]}}],"collection":[{"href":"https:\/\/sediaverde.nl\/de\/wp-json\/wp\/v2\/product"}],"about":[{"href":"https:\/\/sediaverde.nl\/de\/wp-json\/wp\/v2\/types\/product"}],"wp:featuredmedia":[{"embeddable":true,"href":"https:\/\/sediaverde.nl\/de\/wp-json\/wp\/v2\/media\/10397"}],"wp:attachment":[{"href":"https:\/\/sediaverde.nl\/de\/wp-json\/wp\/v2\/media?parent=2228"}],"wp:term":[{"taxonomy":"product_brand","embeddable":true,"href":"https:\/\/sediaverde.nl\/de\/wp-json\/wp\/v2\/product_brand?post=2228"},{"taxonomy":"product_cat","embeddable":true,"href":"https:\/\/sediaverde.nl\/de\/wp-json\/wp\/v2\/product_cat?post=2228"},{"taxonomy":"product_tag","embeddable":true,"href":"https:\/\/sediaverde.nl\/de\/wp-json\/wp\/v2\/product_tag?post=2228"}],"curies":[{"name":"wp","href":"https:\/\/api.w.org\/{rel}","templated":true}]}}