{"id":2513,"date":"2023-05-30T13:15:21","date_gmt":"2023-05-30T11:15:21","guid":{"rendered":"https:\/\/sediaverde.nl\/?post_type=product&#038;p=2513"},"modified":"2026-02-12T12:04:21","modified_gmt":"2026-02-12T10:04:21","slug":"burostuhl-venta","status":"publish","type":"product","link":"https:\/\/sediaverde.nl\/de\/producten\/bureaustoel-venta\/","title":{"rendered":"B\u00fcrostuhl Venta"},"content":{"rendered":"<h3>Eigenschaften B\u00fcrostuhl Venta<\/h3>\n<p>Ergonomischer B\u00fcrostuhl mit Zertifikat NEN-EN 1335<br \/>\nHergestellt in Europa<br \/>\nAusgestattet mit Synchronmechanik<br \/>\nArretierbar in 5 Positionen mit R\u00fcckschlagschutz<br \/>\nTiefenverstellung durch Schiebesitz<br \/>\nK\u00f6rpergewicht einstellbar<br \/>\n3D-verstellbare Armlehnen mit weichem Polster<br \/>\nH\u00f6henverstellbare Lendenwirbelst\u00fctze<br \/>\nMultifunktions-Rollen 60 mm<br \/>\nGeeignet bis zu 130 kg<br \/>\nDesignerfu\u00dfkreuz aus schwarzem Kunststoff<br \/>\nSchwarz gepolsterter Sitz und Netzr\u00fcckenlehne<br \/>\nBondai-Polsterung - Abriebfestigkeit 150.000 Martindale - feuerfest<br \/>\n5 Jahre Garantie<\/p>\n<h4><strong>Verpackungsspezifikationen<\/strong><\/h4>\n<p>Einheiten pro Box: 1 St\u00fcck<br \/>\nAbmessungen: 75 (L) x 60 (B) x 37 (H) cm<br \/>\nNettogewicht: 16 kg<br \/>\nBruttogewicht: 20 kg<\/p>","protected":false},"excerpt":{"rendered":"<p>Die Basis f\u00fcr gesundes und kreatives Arbeiten am Schreibtisch ist und bleibt der ergonomische B\u00fcrostuhl. Der perfekte Stuhl ist entscheidend f\u00fcr Konzentration und Produktivit\u00e4t. Mit unserem B\u00fcrostuhl 'Venta' k\u00f6nnen Sie tagelang sitzen, ohne K\u00f6rperschmerzen zu bekommen. Der Stuhl ist EN-gepr\u00fcft und erf\u00fcllt die europ\u00e4ischen Normen f\u00fcr Ergonomie. Au\u00dferdem ist es interessant, dass dieser Stuhl in Europa hergestellt wird.<\/p>\n<p><strong>Schwarz ab Lager lieferbar<\/strong><\/p>","protected":false},"featured_media":10308,"template":"","meta":[],"product_brand":[],"product_cat":[673],"product_tag":[],"class_list":{"0":"post-2513","1":"product","2":"type-product","3":"status-publish","4":"has-post-thumbnail","6":"product_cat-outlet","8":"first","9":"instock","10":"taxable","11":"shipping-taxable","12":"product-type-variable","13":"has-default-attributes","14":"wvs-archive-product-wrapper"},"_links":{"self":[{"href":"https:\/\/sediaverde.nl\/de\/wp-json\/wp\/v2\/product\/2513","targetHints":{"allow":["GET"]}}],"collection":[{"href":"https:\/\/sediaverde.nl\/de\/wp-json\/wp\/v2\/product"}],"about":[{"href":"https:\/\/sediaverde.nl\/de\/wp-json\/wp\/v2\/types\/product"}],"wp:featuredmedia":[{"embeddable":true,"href":"https:\/\/sediaverde.nl\/de\/wp-json\/wp\/v2\/media\/10308"}],"wp:attachment":[{"href":"https:\/\/sediaverde.nl\/de\/wp-json\/wp\/v2\/media?parent=2513"}],"wp:term":[{"taxonomy":"product_brand","embeddable":true,"href":"https:\/\/sediaverde.nl\/de\/wp-json\/wp\/v2\/product_brand?post=2513"},{"taxonomy":"product_cat","embeddable":true,"href":"https:\/\/sediaverde.nl\/de\/wp-json\/wp\/v2\/product_cat?post=2513"},{"taxonomy":"product_tag","embeddable":true,"href":"https:\/\/sediaverde.nl\/de\/wp-json\/wp\/v2\/product_tag?post=2513"}],"curies":[{"name":"wp","href":"https:\/\/api.w.org\/{rel}","templated":true}]}}