{"id":2687,"date":"2023-09-25T12:55:07","date_gmt":"2023-09-25T10:55:07","guid":{"rendered":"https:\/\/sediaverde.nl\/?post_type=product&#038;p=2687"},"modified":"2026-02-13T10:14:35","modified_gmt":"2026-02-13T08:14:35","slug":"ergo-kugel","status":"publish","type":"product","link":"https:\/\/sediaverde.nl\/de\/producten\/ergo-bal\/","title":{"rendered":"Ergo-Ball"},"content":{"rendered":"<h3><strong>Merkmale des Ergo-Balls<\/strong><\/h3>\n<p>Geeignet f\u00fcr jede Umgebung<br \/>\nGr\u00f6\u00dfe: 65 cm (\u00d8)<br \/>\nEnth\u00e4lt: Griff und Deckel (Pumpe nicht enthalten)<br \/>\nMaterial innen: PVC<br \/>\nBezugsmaterial: Mischung aus Baumwolle und Leinen<br \/>\nStandardm\u00e4\u00dfig in Schwarz erh\u00e4ltlich<br \/>\n1 Jahr Garantie<\/p>\n<h4><strong>Verpackungsspezifikationen<\/strong><\/h4>\n<p>Einheiten pro Box: 1 St\u00fcck<br \/>\nGr\u00f6\u00dfen: 34 (L) x 23 (B) x 11 (H) cm<br \/>\nNettogewicht: 0,6 kg<br \/>\nBruttogewicht: 1,6 kg<\/p>","protected":false},"excerpt":{"rendered":"<p>Eine Alternative zu herk\u00f6mmlichen St\u00fchlen f\u00fcr ergonomische Arbeitspl\u00e4tze. Der ergoball wurde entwickelt, um den Benutzer beim Sitzen optimal zu unterst\u00fctzen, das Risiko von R\u00fcckenschmerzen zu verringern und die Haltung des Benutzers auf spielerische und einzigartige Weise zu verbessern. Der Ball wird mit einer eleganten H\u00fclle f\u00fcr eine stilvolle Arbeitsplatz- oder Heimumgebung geliefert. Eine ausgezeichnete Wahl, wenn Sie nach einer zus\u00e4tzlichen Sitzl\u00f6sung suchen!<\/p>","protected":false},"featured_media":10512,"template":"","meta":[],"product_brand":[],"product_cat":[316],"product_tag":[],"class_list":{"0":"post-2687","1":"product","2":"type-product","3":"status-publish","4":"has-post-thumbnail","6":"product_cat-groothandel-actief-meubilair","8":"first","9":"instock","10":"taxable","11":"shipping-taxable","12":"product-type-simple"},"_links":{"self":[{"href":"https:\/\/sediaverde.nl\/de\/wp-json\/wp\/v2\/product\/2687","targetHints":{"allow":["GET"]}}],"collection":[{"href":"https:\/\/sediaverde.nl\/de\/wp-json\/wp\/v2\/product"}],"about":[{"href":"https:\/\/sediaverde.nl\/de\/wp-json\/wp\/v2\/types\/product"}],"wp:featuredmedia":[{"embeddable":true,"href":"https:\/\/sediaverde.nl\/de\/wp-json\/wp\/v2\/media\/10512"}],"wp:attachment":[{"href":"https:\/\/sediaverde.nl\/de\/wp-json\/wp\/v2\/media?parent=2687"}],"wp:term":[{"taxonomy":"product_brand","embeddable":true,"href":"https:\/\/sediaverde.nl\/de\/wp-json\/wp\/v2\/product_brand?post=2687"},{"taxonomy":"product_cat","embeddable":true,"href":"https:\/\/sediaverde.nl\/de\/wp-json\/wp\/v2\/product_cat?post=2687"},{"taxonomy":"product_tag","embeddable":true,"href":"https:\/\/sediaverde.nl\/de\/wp-json\/wp\/v2\/product_tag?post=2687"}],"curies":[{"name":"wp","href":"https:\/\/api.w.org\/{rel}","templated":true}]}}