{"id":4326,"date":"2024-02-19T15:25:44","date_gmt":"2024-02-19T13:25:44","guid":{"rendered":"https:\/\/sediaverde.nl\/?post_type=product&#038;p=4326"},"modified":"2026-02-17T10:33:45","modified_gmt":"2026-02-17T08:33:45","slug":"burostuhl-grau-vane","status":"publish","type":"product","link":"https:\/\/sediaverde.nl\/de\/producten\/bureaustoel-grijs-vane\/","title":{"rendered":"B\u00fcrostuhl Vane - Grau"},"content":{"rendered":"<h2>Eigenschaften B\u00fcrostuhl Vane - Grau<\/h2>\n<p>Ergonomischer B\u00fcrostuhl mit Zertifikat NEN-EN 1335<br \/>\nAusgestattet mit Synchronmechanik<br \/>\nR\u00fcckenlehne in 4 Positionen arretierbar mit R\u00fcckschlagschutz<br \/>\nTiefenverstellung durch Schiebesitz<br \/>\n3D-verstellbare Armlehnen aus Aluminium<br \/>\nMultifunktions-Rollen 60 mm<br \/>\nGeeignet bis zu 150 kg<br \/>\nGrauer Kunststoff-Designerfu\u00dfkreuz<br \/>\nGrau gepolsterter Sitz und Netzr\u00fccken (dieser Stuhl ist auch in Schwarz erh\u00e4ltlich)<br \/>\nAndere Farben verf\u00fcgbar mit 12 Wochen Lieferzeit<br \/>\nEmma-Polsterung - Verschlei\u00dffestigkeit 100.000 Martindale - feuerbest\u00e4ndig<br \/>\nSehr bequemer Sitz durch Formschaumsitz<br \/>\n5 Jahre Garantie<\/p>\n<h4><strong>Verpackungsspezifikationen<\/strong><\/h4>\n<p>Einheiten pro Box: 1 St\u00fcck<br \/>\nAbmessungen: 73 (L) x 33 (B) x 65 (H) cm<br \/>\nNettogewicht: 18,2 kg<br \/>\nBruttogewicht: 19,2 kg<\/p>\n<h4>Optionen<\/h4>\n<p>Kopfst\u00fctze (in der H\u00f6he verstellbar)<\/p>","protected":false},"excerpt":{"rendered":"<p>M\u00f6chten Sie auch Ihr <a href=\"https:\/\/sediaverde.nl\/de\/produkte\/\">B\u00fcrostuhl<\/a> M\u00f6chten Sie den grauen Vane so einstellen k\u00f6nnen, dass er auch \u00fcber l\u00e4ngere Zeitr\u00e4ume bequem ist? Dann ist unser B\u00fcrostuhl Vane die Antwort. Schlie\u00dflich ist dieser Stuhl sehr einfach zu bedienen, da alle Bedienelemente an der Sitzvorderseite angebracht sind. Das sorgt auch f\u00fcr ein sch\u00f6nes Design.<\/p>\n<p>Wussten Sie, dass es diesen Stuhl auch in einer <a href=\"https:\/\/sediaverde.nl\/de\/produkte\/vane-burostuhl\/\">schwarz<\/a> Variante?<\/p>\n<p><strong>Grau und Schwarz ab Lager lieferbar, andere Farben mit Lieferzeit.<\/strong><\/p>","protected":false},"featured_media":10352,"template":"","meta":[],"product_brand":[],"product_cat":[309],"product_tag":[310,312,334,313],"class_list":{"0":"post-4326","1":"product","2":"type-product","3":"status-publish","4":"has-post-thumbnail","6":"product_cat-groothandel-bureaustoel","7":"product_tag-bureaustoel","8":"product_tag-ergonomisch","9":"product_tag-vane","10":"product_tag-zwart-voetkruis","12":"first","13":"instock","14":"taxable","15":"shipping-taxable","16":"product-type-variable","17":"has-default-attributes","18":"wvs-archive-product-wrapper"},"_links":{"self":[{"href":"https:\/\/sediaverde.nl\/de\/wp-json\/wp\/v2\/product\/4326","targetHints":{"allow":["GET"]}}],"collection":[{"href":"https:\/\/sediaverde.nl\/de\/wp-json\/wp\/v2\/product"}],"about":[{"href":"https:\/\/sediaverde.nl\/de\/wp-json\/wp\/v2\/types\/product"}],"wp:featuredmedia":[{"embeddable":true,"href":"https:\/\/sediaverde.nl\/de\/wp-json\/wp\/v2\/media\/10352"}],"wp:attachment":[{"href":"https:\/\/sediaverde.nl\/de\/wp-json\/wp\/v2\/media?parent=4326"}],"wp:term":[{"taxonomy":"product_brand","embeddable":true,"href":"https:\/\/sediaverde.nl\/de\/wp-json\/wp\/v2\/product_brand?post=4326"},{"taxonomy":"product_cat","embeddable":true,"href":"https:\/\/sediaverde.nl\/de\/wp-json\/wp\/v2\/product_cat?post=4326"},{"taxonomy":"product_tag","embeddable":true,"href":"https:\/\/sediaverde.nl\/de\/wp-json\/wp\/v2\/product_tag?post=4326"}],"curies":[{"name":"wp","href":"https:\/\/api.w.org\/{rel}","templated":true}]}}