{"id":6548,"date":"2024-02-20T17:29:35","date_gmt":"2024-02-20T15:29:35","guid":{"rendered":"https:\/\/sediaverde.nl\/?post_type=product&#038;p=6548"},"modified":"2026-02-12T11:17:49","modified_gmt":"2026-02-12T09:17:49","slug":"konferenzstuhl-belo","status":"publish","type":"product","link":"https:\/\/sediaverde.nl\/de\/producten\/vergaderstoel-belo\/","title":{"rendered":"Besucher- und Konferenzstuhl Belo"},"content":{"rendered":"<h2>Eigenschaften Konferenzstuhl Belo<\/h2>\n<p>Einzigartiges Design mit luxuri\u00f6ser Verarbeitung<br \/>\nHergestellt in Italien<br \/>\nGepolstert mit italienischem Stoff<br \/>\nSitz mit hochwertiger Schaumstofff\u00fcllung (Polyurethan)<br \/>\nGeeignet bis zu 120 kg<br \/>\nAuswahl aus vier verschiedenen Untergr\u00fcnden<br \/>\n- Spinnenbein schwarz (nicht stapelbar)<br \/>\n- Spinnenbein Chrom (nicht stapelbar)<br \/>\n- 4 Beine Chrom (stapelbar)<br \/>\nStandard-Polsterung: hellgrau, mittelgrau und anthrazit<br \/>\nNicky-Polsterung - Abriebfestigkeit 50.000 Martindale - feuerbest\u00e4ndig<br \/>\n5 Jahre Garantie<\/p>\n<h4><strong>Verpackungsspezifikationen<\/strong><\/h4>\n<p>Einheiten pro Box: 1 St\u00fcck<br \/>\nAbmessungen: 80 (L) x 60 (B) x 60 (H) cm<br \/>\nNettogewicht: 10 kg<br \/>\nBruttogewicht: 14 kg<\/p>","protected":false},"excerpt":{"rendered":"<p>Belo ist ein eleganter, vollgepolsterter Wollfilzstuhl, der f\u00fcr viele Einsatzbereiche wie B\u00fcros, Besprechungsr\u00e4ume, Konferenzr\u00e4ume und Gastronomiebetriebe konzipiert ist. Sie haben die Wahl zwischen 4 verschiedenen Gestellarten.<\/p>\n<p><strong>Hellgrau, Mittelgrau &amp; Anthrazit ab Lager lieferbar<\/strong><\/p>","protected":false},"featured_media":10420,"template":"","meta":[],"product_brand":[],"product_cat":[673],"product_tag":[],"class_list":{"0":"post-6548","1":"product","2":"type-product","3":"status-publish","4":"has-post-thumbnail","6":"product_cat-outlet","8":"first","9":"instock","10":"taxable","11":"shipping-taxable","12":"product-type-variable","13":"wvs-archive-product-wrapper"},"_links":{"self":[{"href":"https:\/\/sediaverde.nl\/de\/wp-json\/wp\/v2\/product\/6548","targetHints":{"allow":["GET"]}}],"collection":[{"href":"https:\/\/sediaverde.nl\/de\/wp-json\/wp\/v2\/product"}],"about":[{"href":"https:\/\/sediaverde.nl\/de\/wp-json\/wp\/v2\/types\/product"}],"wp:featuredmedia":[{"embeddable":true,"href":"https:\/\/sediaverde.nl\/de\/wp-json\/wp\/v2\/media\/10420"}],"wp:attachment":[{"href":"https:\/\/sediaverde.nl\/de\/wp-json\/wp\/v2\/media?parent=6548"}],"wp:term":[{"taxonomy":"product_brand","embeddable":true,"href":"https:\/\/sediaverde.nl\/de\/wp-json\/wp\/v2\/product_brand?post=6548"},{"taxonomy":"product_cat","embeddable":true,"href":"https:\/\/sediaverde.nl\/de\/wp-json\/wp\/v2\/product_cat?post=6548"},{"taxonomy":"product_tag","embeddable":true,"href":"https:\/\/sediaverde.nl\/de\/wp-json\/wp\/v2\/product_tag?post=6548"}],"curies":[{"name":"wp","href":"https:\/\/api.w.org\/{rel}","templated":true}]}}