{"id":7200,"date":"2024-03-27T17:48:19","date_gmt":"2024-03-27T15:48:19","guid":{"rendered":"https:\/\/sediaverde.nl\/?post_type=product&#038;p=7200"},"modified":"2026-02-07T12:28:10","modified_gmt":"2026-02-07T10:28:10","slug":"chromsockel","status":"publish","type":"product","link":"https:\/\/sediaverde.nl\/de\/producten\/voetkruis-chroom\/","title":{"rendered":"Fu\u00dfkreuz - Chrom"},"content":{"rendered":"<p>Chromfu\u00df f\u00fcr B\u00fcrostuhl<\/p>","protected":false},"excerpt":{"rendered":"<p>Chromfu\u00df f\u00fcr B\u00fcrostuhl<\/p>","protected":false},"featured_media":10545,"template":"","meta":[],"product_brand":[],"product_cat":[670],"product_tag":[],"class_list":{"0":"post-7200","1":"product","2":"type-product","3":"status-publish","4":"has-post-thumbnail","6":"product_cat-groothandel-accessoire-kantoor","8":"first","9":"instock","10":"taxable","11":"shipping-taxable","12":"product-type-simple"},"_links":{"self":[{"href":"https:\/\/sediaverde.nl\/de\/wp-json\/wp\/v2\/product\/7200","targetHints":{"allow":["GET"]}}],"collection":[{"href":"https:\/\/sediaverde.nl\/de\/wp-json\/wp\/v2\/product"}],"about":[{"href":"https:\/\/sediaverde.nl\/de\/wp-json\/wp\/v2\/types\/product"}],"wp:featuredmedia":[{"embeddable":true,"href":"https:\/\/sediaverde.nl\/de\/wp-json\/wp\/v2\/media\/10545"}],"wp:attachment":[{"href":"https:\/\/sediaverde.nl\/de\/wp-json\/wp\/v2\/media?parent=7200"}],"wp:term":[{"taxonomy":"product_brand","embeddable":true,"href":"https:\/\/sediaverde.nl\/de\/wp-json\/wp\/v2\/product_brand?post=7200"},{"taxonomy":"product_cat","embeddable":true,"href":"https:\/\/sediaverde.nl\/de\/wp-json\/wp\/v2\/product_cat?post=7200"},{"taxonomy":"product_tag","embeddable":true,"href":"https:\/\/sediaverde.nl\/de\/wp-json\/wp\/v2\/product_tag?post=7200"}],"curies":[{"name":"wp","href":"https:\/\/api.w.org\/{rel}","templated":true}]}}