{"id":9139,"date":"2024-05-29T10:56:07","date_gmt":"2024-05-29T08:56:07","guid":{"rendered":"https:\/\/sediaverde.nl\/?post_type=product&#038;p=9139"},"modified":"2026-02-13T14:25:26","modified_gmt":"2026-02-13T12:25:26","slug":"barhocker-schale-chrom","status":"publish","type":"product","link":"https:\/\/sediaverde.nl\/de\/producten\/barkruk-kuip-chroom\/","title":{"rendered":"Barhocker Kuip - Chrom"},"content":{"rendered":"<h2>Eigenschaften Barhocker Kuip - Chrom<\/h2>\n<p>Sitz aus hochwertigem Polypropylen<br \/>\n4-Fu\u00df-Gestell (Dicke 22 mm)<br \/>\nRahmen ist optional mit separatem Kupplungsclip verbindbar<br \/>\nGeeignet bis zu 150 kg<br \/>\nStapelbar (bis zu 5 St\u00fcck)<br \/>\nStandard-Lagerfarbe: 4-Fu\u00df-Gestell Chrom (St\u00e4rke 22 mm) \/ Polypropylenschale anthrazit<br \/>\n2 Jahre Garantie<\/p>\n<h4><strong>Abmessungen<\/strong><\/h4>\n<p>Gesamth\u00f6he: 112,5 cm<br \/>\nGesamttiefe: 41 cm<br \/>\nR\u00fcckenbreite: 35 cm<br \/>\nSitzbreite: 43 cm<br \/>\nSitzh\u00f6he: 78 cm<\/p>\n<h4><strong>Verpackungsspezifikationen<\/strong><\/h4>\n<p>Nettogewicht pro Stuhl: 4,5 kg<\/p>","protected":false},"excerpt":{"rendered":"<p>Der Barhocker Kuip ist in einer anthrazitfarbenen Schale mit robustem Chromgestell erh\u00e4ltlich <em>oder<\/em> schwarze Kunststoffwanne mit robustem schwarzem Rahmen. Die Dicke der beiden Rahmen betr\u00e4gt 22 mm. Dank seiner Stapelbarkeit ist dieser Stuhl ideal f\u00fcr Kantinen, Sportvereine, Verleihe usw. Perfekt f\u00fcr den t\u00e4glichen Gebrauch und eine effiziente Aufbewahrung!<\/p>","protected":false},"featured_media":10497,"template":"","meta":[],"product_brand":[],"product_cat":[671],"product_tag":[],"class_list":{"0":"post-9139","1":"product","2":"type-product","3":"status-publish","4":"has-post-thumbnail","6":"product_cat-groothandel-barstoelen","8":"first","9":"instock","10":"taxable","11":"shipping-taxable","12":"product-type-simple"},"_links":{"self":[{"href":"https:\/\/sediaverde.nl\/de\/wp-json\/wp\/v2\/product\/9139","targetHints":{"allow":["GET"]}}],"collection":[{"href":"https:\/\/sediaverde.nl\/de\/wp-json\/wp\/v2\/product"}],"about":[{"href":"https:\/\/sediaverde.nl\/de\/wp-json\/wp\/v2\/types\/product"}],"wp:featuredmedia":[{"embeddable":true,"href":"https:\/\/sediaverde.nl\/de\/wp-json\/wp\/v2\/media\/10497"}],"wp:attachment":[{"href":"https:\/\/sediaverde.nl\/de\/wp-json\/wp\/v2\/media?parent=9139"}],"wp:term":[{"taxonomy":"product_brand","embeddable":true,"href":"https:\/\/sediaverde.nl\/de\/wp-json\/wp\/v2\/product_brand?post=9139"},{"taxonomy":"product_cat","embeddable":true,"href":"https:\/\/sediaverde.nl\/de\/wp-json\/wp\/v2\/product_cat?post=9139"},{"taxonomy":"product_tag","embeddable":true,"href":"https:\/\/sediaverde.nl\/de\/wp-json\/wp\/v2\/product_tag?post=9139"}],"curies":[{"name":"wp","href":"https:\/\/api.w.org\/{rel}","templated":true}]}}