{"id":9986,"date":"2024-08-05T16:28:29","date_gmt":"2024-08-05T14:28:29","guid":{"rendered":"https:\/\/sediaverde.nl\/?post_type=product&#038;p=9986"},"modified":"2026-02-09T19:29:02","modified_gmt":"2026-02-09T17:29:02","slug":"wannenwagen-4-rader","status":"publish","type":"product","link":"https:\/\/sediaverde.nl\/de\/producten\/kuip-dolly-4-wheels\/","title":{"rendered":"Kuip Dolly - 4 R\u00e4der"},"content":{"rendered":"<h2>Ausstattung Wannenwagen - 4 R\u00e4der<\/h2>\n<p>Innenma\u00dfe geschlossener Sockel: 57 (L) x 57 (B) cm<br \/>\n\u00c4u\u00dfere Abmessungen: 58 (L) x 58 (B) x 11,5 (H) cm<br \/>\nKunststoffr\u00e4der: \u00d8<b>\u00a0<\/b>50 mm<br \/>\nGewicht: 7 kg<br \/>\nRahmen: schwarz<br \/>\nGeschlossener Sockel: grau gesprenkeltes Polstermaterial<\/p>","protected":false},"excerpt":{"rendered":"<p>Dieser Wagen ist ideal, um Ihre Kuip-St\u00fchle effizient und sicher zu transportieren. Dieses praktische Format nimmt wenig Platz in Anspruch. Der geschlossene Boden sorgt daf\u00fcr, dass Ihre Kuip-St\u00fchle stabil und gesch\u00fctzt transportiert werden. Dank der wendigen Kunststoffr\u00e4der l\u00e4sst sich der Wagen leicht durch enge R\u00e4ume man\u00f6vrieren.<\/p>","protected":false},"featured_media":10538,"template":"","meta":[],"product_brand":[],"product_cat":[670,337],"product_tag":[],"class_list":{"0":"post-9986","1":"product","2":"type-product","3":"status-publish","4":"has-post-thumbnail","6":"product_cat-groothandel-accessoire-kantoor","7":"product_cat-groothandel-kantinestoel","9":"first","10":"instock","11":"taxable","12":"shipping-taxable","13":"product-type-simple"},"_links":{"self":[{"href":"https:\/\/sediaverde.nl\/de\/wp-json\/wp\/v2\/product\/9986","targetHints":{"allow":["GET"]}}],"collection":[{"href":"https:\/\/sediaverde.nl\/de\/wp-json\/wp\/v2\/product"}],"about":[{"href":"https:\/\/sediaverde.nl\/de\/wp-json\/wp\/v2\/types\/product"}],"wp:featuredmedia":[{"embeddable":true,"href":"https:\/\/sediaverde.nl\/de\/wp-json\/wp\/v2\/media\/10538"}],"wp:attachment":[{"href":"https:\/\/sediaverde.nl\/de\/wp-json\/wp\/v2\/media?parent=9986"}],"wp:term":[{"taxonomy":"product_brand","embeddable":true,"href":"https:\/\/sediaverde.nl\/de\/wp-json\/wp\/v2\/product_brand?post=9986"},{"taxonomy":"product_cat","embeddable":true,"href":"https:\/\/sediaverde.nl\/de\/wp-json\/wp\/v2\/product_cat?post=9986"},{"taxonomy":"product_tag","embeddable":true,"href":"https:\/\/sediaverde.nl\/de\/wp-json\/wp\/v2\/product_tag?post=9986"}],"curies":[{"name":"wp","href":"https:\/\/api.w.org\/{rel}","templated":true}]}}