{"id":9993,"date":"2024-08-05T16:29:59","date_gmt":"2024-08-05T14:29:59","guid":{"rendered":"https:\/\/sediaverde.nl\/?post_type=product&#038;p=9993"},"modified":"2026-02-09T19:31:25","modified_gmt":"2026-02-09T17:31:25","slug":"wannenwagen-2-rader","status":"publish","type":"product","link":"https:\/\/sediaverde.nl\/de\/producten\/kuip-trolley-2-wheels\/","title":{"rendered":"Kuip Trolley - 2 R\u00e4der"},"content":{"rendered":"<h2>Eigenschaften Wannenwagen - 2 R\u00e4der<\/h2>\n<p>Gummir\u00e4der \u00d8<b>\u00a0<\/b>200 mm<br \/>\nAbmessungen des Wagens: 130 (H) x 59 (B) x 38 (T) cm<br \/>\nAu\u00dfenma\u00dfe der Fu\u00dfplatte: 56,5 (B) x 15 (T) cm<br \/>\nInnenma\u00dfe Fu\u00dfplatte: 55 (B) x 14,5 (T) cm<br \/>\nGewicht: 12 kg<br \/>\nMaximales Ladegewicht: 150 kg<br \/>\nFarbe: schwarz<\/p>","protected":false},"excerpt":{"rendered":"<p>Dieser robuste und wendige Wagen ist ideal f\u00fcr den Transport Ihrer Kuip-St\u00fchle. Es handelt sich um ein Modell mit steckbarem Arm, das f\u00fcr den einfachen und sicheren Transport von bis zu 20 Kuip-St\u00fchlen auf einmal ausgelegt ist. Der Wagen hat eine robuste Stahlkonstruktion und Gummir\u00e4der.<\/p>","protected":false},"featured_media":10540,"template":"","meta":[],"product_brand":[],"product_cat":[670,337],"product_tag":[],"class_list":{"0":"post-9993","1":"product","2":"type-product","3":"status-publish","4":"has-post-thumbnail","6":"product_cat-groothandel-accessoire-kantoor","7":"product_cat-groothandel-kantinestoel","9":"first","10":"instock","11":"taxable","12":"shipping-taxable","13":"product-type-simple"},"_links":{"self":[{"href":"https:\/\/sediaverde.nl\/de\/wp-json\/wp\/v2\/product\/9993","targetHints":{"allow":["GET"]}}],"collection":[{"href":"https:\/\/sediaverde.nl\/de\/wp-json\/wp\/v2\/product"}],"about":[{"href":"https:\/\/sediaverde.nl\/de\/wp-json\/wp\/v2\/types\/product"}],"wp:featuredmedia":[{"embeddable":true,"href":"https:\/\/sediaverde.nl\/de\/wp-json\/wp\/v2\/media\/10540"}],"wp:attachment":[{"href":"https:\/\/sediaverde.nl\/de\/wp-json\/wp\/v2\/media?parent=9993"}],"wp:term":[{"taxonomy":"product_brand","embeddable":true,"href":"https:\/\/sediaverde.nl\/de\/wp-json\/wp\/v2\/product_brand?post=9993"},{"taxonomy":"product_cat","embeddable":true,"href":"https:\/\/sediaverde.nl\/de\/wp-json\/wp\/v2\/product_cat?post=9993"},{"taxonomy":"product_tag","embeddable":true,"href":"https:\/\/sediaverde.nl\/de\/wp-json\/wp\/v2\/product_tag?post=9993"}],"curies":[{"name":"wp","href":"https:\/\/api.w.org\/{rel}","templated":true}]}}